{"id":9877,"date":"2021-03-01T16:33:35","date_gmt":"2021-03-01T16:33:35","guid":{"rendered":"http:\/\/www.quintapadressantos.com\/site\/?page_id=9877"},"modified":"2021-03-01T21:21:38","modified_gmt":"2021-03-01T21:21:38","slug":"pascoa21","status":"publish","type":"page","link":"https:\/\/www.quintapadressantos.com\/site\/servicos\/programas\/pascoa21\/","title":{"rendered":"P\u00e1scoa'21"},"content":{"rendered":"\t\t<div data-elementor-type=\"wp-page\" data-elementor-id=\"9877\" class=\"elementor elementor-9877\">\n\t\t\t\t\t\t<div class=\"elementor-inner\">\n\t\t\t\t<div class=\"elementor-section-wrap\">\n\t\t\t\t\t\t\t\t\t<section class=\"elementor-section elementor-top-section elementor-element elementor-element-2586e5b elementor-section-stretched elementor-section-boxed elementor-section-height-default elementor-section-height-default\" data-id=\"2586e5b\" data-element_type=\"section\" data-settings=\"{&quot;stretch_section&quot;:&quot;section-stretched&quot;,&quot;background_background&quot;:&quot;classic&quot;}\">\n\t\t\t\t\t\t\t<div class=\"elementor-background-overlay\"><\/div>\n\t\t\t\t\t\t\t<div class=\"elementor-container elementor-column-gap-no\">\n\t\t\t\t\t\t\t<div class=\"elementor-row\">\n\t\t\t\t\t<div class=\"elementor-column elementor-col-100 elementor-top-column elementor-element elementor-element-f0becbe\" data-id=\"f0becbe\" data-element_type=\"column\">\n\t\t\t<div class=\"elementor-column-wrap\">\n\t\t\t\t\t\t\t<div class=\"elementor-widget-wrap\">\n\t\t\t\t\t\t\t\t<\/div>\n\t\t\t\t\t<\/div>\n\t\t<\/div>\n\t\t\t\t\t\t\t\t<\/div>\n\t\t\t\t\t<\/div>\n\t\t<\/section>\n\t\t\t\t<section class=\"elementor-section elementor-top-section elementor-element elementor-element-60d78e6 elementor-section-stretched elementor-section-boxed elementor-section-height-default elementor-section-height-default\" data-id=\"60d78e6\" data-element_type=\"section\" data-settings=\"{&quot;stretch_section&quot;:&quot;section-stretched&quot;}\">\n\t\t\t\t\t\t<div class=\"elementor-container elementor-column-gap-default\">\n\t\t\t\t\t\t\t<div class=\"elementor-row\">\n\t\t\t\t\t<div class=\"elementor-column elementor-col-100 elementor-top-column elementor-element elementor-element-d7f6f72\" data-id=\"d7f6f72\" data-element_type=\"column\">\n\t\t\t<div class=\"elementor-column-wrap elementor-element-populated\">\n\t\t\t\t\t\t\t<div class=\"elementor-widget-wrap\">\n\t\t\t\t\t\t<div class=\"elementor-element elementor-element-6acdb13 elementor-widget elementor-widget-heading\" data-id=\"6acdb13\" data-element_type=\"widget\" data-widget_type=\"heading.default\">\n\t\t\t\t<div class=\"elementor-widget-container\">\n\t\t\t<h2 class=\"elementor-heading-title elementor-size-default\">P\u00e1scoa  em fam\u00edlia<\/h2>\t\t<\/div>\n\t\t\t\t<\/div>\n\t\t\t\t<div class=\"elementor-element elementor-element-a108c55 elementor-widget elementor-widget-image\" data-id=\"a108c55\" data-element_type=\"widget\" data-widget_type=\"image.default\">\n\t\t\t\t<div class=\"elementor-widget-container\">\n\t\t\t\t\t\t\t\t<div class=\"elementor-image\">\n\t\t\t\t\t\t\t\t\t\t\t\t<img loading=\"lazy\" decoding=\"async\" width=\"1\" height=\"1\" src=\"https:\/\/www.quintapadressantos.com\/site\/wp-content\/uploads\/2020\/05\/zigzag-1.svg\" class=\"attachment-full size-full wp-image-8972\" alt=\"\" \/>\t\t\t\t\t\t\t\t\t\t\t\t\t\t<\/div>\n\t\t\t\t\t\t<\/div>\n\t\t\t\t<\/div>\n\t\t\t\t<div class=\"elementor-element elementor-element-b929aa7 elementor-widget elementor-widget-text-editor\" data-id=\"b929aa7\" data-element_type=\"widget\" data-widget_type=\"text-editor.default\">\n\t\t\t\t<div class=\"elementor-widget-container\">\n\t\t\t\t\t\t\t\t<div class=\"elementor-text-editor elementor-clearfix\">\n\t\t\t\tCelebre a P\u00e1scoa em fam\u00edlia;<br>\nA uni\u00e3o e a amizade \u00e0 mesa da Quinta dos Padres Santos.<br>\nEstaremos \u00e0 sua espera para lhe proporcionar momentos \u00fanicos e especiais.\t\t\t\t\t<\/div>\n\t\t\t\t\t\t<\/div>\n\t\t\t\t<\/div>\n\t\t\t\t<section class=\"elementor-section elementor-inner-section elementor-element elementor-element-ef99701 elementor-section-full_width elementor-section-height-default elementor-section-height-default\" data-id=\"ef99701\" data-element_type=\"section\">\n\t\t\t\t\t\t<div class=\"elementor-container elementor-column-gap-no\">\n\t\t\t\t\t\t\t<div class=\"elementor-row\">\n\t\t\t\t\t<div class=\"elementor-column elementor-col-50 elementor-inner-column elementor-element elementor-element-e0e853e\" data-id=\"e0e853e\" data-element_type=\"column\">\n\t\t\t<div class=\"elementor-column-wrap elementor-element-populated\">\n\t\t\t\t\t\t\t<div class=\"elementor-widget-wrap\">\n\t\t\t\t\t\t<div class=\"elementor-element elementor-element-55656a9 elementor-widget elementor-widget-text-editor\" data-id=\"55656a9\" data-element_type=\"widget\" data-widget_type=\"text-editor.default\">\n\t\t\t\t<div class=\"elementor-widget-container\">\n\t\t\t\t\t\t\t\t<div class=\"elementor-text-editor elementor-clearfix\">\n\t\t\t\t<em><strong>Inclui:<\/strong><\/em><br><br>\n. Alojamento 2 noites para 2 pessoas (check in a 02.04 | check out a 04.04)<br><br>\n. Portinho & Am\u00eandoas de Boas vindas<br><br>\n. Degusta\u00e7\u00e3o do \u201cBolo Podre\u201d confecionado em forno de lenha (bolo de azeite da P\u00e1scoa t\u00edpico da regi\u00e3o)<br><br>\n. Pequeno-almo\u00e7o inclu\u00eddo durante a estadia<br><br>\n. Almo\u00e7o de P\u00e1scoa no dia 04.04 (bebidas inclu\u00eddas)<br><br>\n. Utiliza\u00e7\u00e3o do jacuzzi por marca\u00e7\u00e3o segundo as normas da DGS<br><br>\n. Para as crian\u00e7as temos dispon\u00edvel a divertida Ca\u00e7a ao Ovo<br><br>\n. Check-out tardio mediante disponibilidade.\t\t\t\t\t<\/div>\n\t\t\t\t\t\t<\/div>\n\t\t\t\t<\/div>\n\t\t\t\t\t\t<\/div>\n\t\t\t\t\t<\/div>\n\t\t<\/div>\n\t\t\t\t<div class=\"elementor-column elementor-col-50 elementor-inner-column elementor-element elementor-element-f781d26\" data-id=\"f781d26\" data-element_type=\"column\">\n\t\t\t<div class=\"elementor-column-wrap elementor-element-populated\">\n\t\t\t\t\t\t\t<div class=\"elementor-widget-wrap\">\n\t\t\t\t\t\t<div class=\"elementor-element elementor-element-735bc48 elementor-widget elementor-widget-text-editor\" data-id=\"735bc48\" data-element_type=\"widget\" data-widget_type=\"text-editor.default\">\n\t\t\t\t<div class=\"elementor-widget-container\">\n\t\t\t\t\t\t\t\t<div class=\"elementor-text-editor elementor-clearfix\">\n\t\t\t\t<p><em><strong>Condi\u00e7\u00f5es:<\/strong><\/em><br \/><br \/>. Quarto Duplo\/Twin na Casa Principal: 130\u20ac\/pessoa<br \/><br \/>. J\u00fanior Suite (Moinho \u00c1gua Pura): 150\u20ac\/pessoa<br \/><br \/>. Moradias T1 (Malmequer e Trevo da Sorte): 185\u20ac\/pessoa<br \/><br \/>. Suite Lux (Moinho \u00c1gua Benta): 185\u20ac\/pessoa<br \/><br \/>. Crian\u00e7as at\u00e9 4 anos: gratuito<br \/><br \/>. Crian\u00e7as dos 5 aos 11 anos: ser\u00e1 adicionado o suplemento do valor do almo\u00e7o de P\u00e1scoa (18\u20ac) e cama\u00a0extra (apenas se o alojamento for tipologia Quarto duplo\/twin na casa principal)<br \/><br \/>. Em caso de ocupa\u00e7\u00e3o individual dos quartos as condi\u00e7\u00f5es ser\u00e3o ajustadas.<\/p>\t\t\t\t\t<\/div>\n\t\t\t\t\t\t<\/div>\n\t\t\t\t<\/div>\n\t\t\t\t\t\t<\/div>\n\t\t\t\t\t<\/div>\n\t\t<\/div>\n\t\t\t\t\t\t\t\t<\/div>\n\t\t\t\t\t<\/div>\n\t\t<\/section>\n\t\t\t\t\t\t<\/div>\n\t\t\t\t\t<\/div>\n\t\t<\/div>\n\t\t\t\t\t\t\t\t<\/div>\n\t\t\t\t\t<\/div>\n\t\t<\/section>\n\t\t\t\t<section class=\"elementor-section elementor-top-section elementor-element elementor-element-6578a67 elementor-section-stretched elementor-section-boxed elementor-section-height-default elementor-section-height-default\" data-id=\"6578a67\" data-element_type=\"section\" data-settings=\"{&quot;stretch_section&quot;:&quot;section-stretched&quot;}\">\n\t\t\t\t\t\t<div class=\"elementor-container elementor-column-gap-default\">\n\t\t\t\t\t\t\t<div class=\"elementor-row\">\n\t\t\t\t\t<div class=\"elementor-column elementor-col-100 elementor-top-column elementor-element elementor-element-0e89d18\" data-id=\"0e89d18\" data-element_type=\"column\">\n\t\t\t<div class=\"elementor-column-wrap elementor-element-populated\">\n\t\t\t\t\t\t\t<div class=\"elementor-widget-wrap\">\n\t\t\t\t\t\t<div class=\"elementor-element elementor-element-6c1ec39 elementor-align-center elementor-widget elementor-widget-button\" data-id=\"6c1ec39\" data-element_type=\"widget\" data-widget_type=\"button.default\">\n\t\t\t\t<div class=\"elementor-widget-container\">\n\t\t\t\t\t<div class=\"elementor-button-wrapper\">\n\t\t\t<a class=\"elementor-button elementor-button-link elementor-size-sm\" href=\"https:\/\/www.quintapadressantos.com\/site\/wp-content\/uploads\/2021\/03\/QuintaPadresSantos_Programa_Pascoa21.pdf\" target=\"_blank\">\n\t\t\t\t\t\t<span class=\"elementor-button-content-wrapper\">\n\t\t\t\t\t\t<span class=\"elementor-button-icon elementor-align-icon-left\">\n\t\t\t\t<i aria-hidden=\"true\" class=\"far fa-file-pdf\"><\/i>\t\t\t<\/span>\n\t\t\t\t\t\t<span class=\"elementor-button-text\">Ver ementa<\/span>\n\t\t<\/span>\n\t\t\t\t\t<\/a>\n\t\t<\/div>\n\t\t\t\t<\/div>\n\t\t\t\t<\/div>\n\t\t\t\t\t\t<\/div>\n\t\t\t\t\t<\/div>\n\t\t<\/div>\n\t\t\t\t\t\t\t\t<\/div>\n\t\t\t\t\t<\/div>\n\t\t<\/section>\n\t\t\t\t\t\t\t\t\t<\/div>\n\t\t\t<\/div>\n\t\t\t\t\t<\/div>\n\t\t","protected":false},"excerpt":{"rendered":"<p>P\u00e1scoa  em fam\u00edlia<\/p>\n<p>\t\tCelebre a P\u00e1scoa em fam\u00edlia;<br \/>\nA uni\u00e3o e a amizade \u00e0 mesa da Quinta dos <\/p>\n","protected":false},"author":1,"featured_media":0,"parent":8680,"menu_order":0,"comment_status":"closed","ping_status":"closed","template":"page-templates\/homepage.php","meta":{"inline_featured_image":false,"footnotes":""},"_links":{"self":[{"href":"https:\/\/www.quintapadressantos.com\/site\/wp-json\/wp\/v2\/pages\/9877"}],"collection":[{"href":"https:\/\/www.quintapadressantos.com\/site\/wp-json\/wp\/v2\/pages"}],"about":[{"href":"https:\/\/www.quintapadressantos.com\/site\/wp-json\/wp\/v2\/types\/page"}],"author":[{"embeddable":true,"href":"https:\/\/www.quintapadressantos.com\/site\/wp-json\/wp\/v2\/users\/1"}],"replies":[{"embeddable":true,"href":"https:\/\/www.quintapadressantos.com\/site\/wp-json\/wp\/v2\/comments?post=9877"}],"version-history":[{"count":55,"href":"https:\/\/www.quintapadressantos.com\/site\/wp-json\/wp\/v2\/pages\/9877\/revisions"}],"predecessor-version":[{"id":9955,"href":"https:\/\/www.quintapadressantos.com\/site\/wp-json\/wp\/v2\/pages\/9877\/revisions\/9955"}],"up":[{"embeddable":true,"href":"https:\/\/www.quintapadressantos.com\/site\/wp-json\/wp\/v2\/pages\/8680"}],"wp:attachment":[{"href":"https:\/\/www.quintapadressantos.com\/site\/wp-json\/wp\/v2\/media?parent=9877"}],"curies":[{"name":"wp","href":"https:\/\/api.w.org\/{rel}","templated":true}]}}