{"id":8730,"date":"2020-03-17T12:06:18","date_gmt":"2020-03-17T12:06:18","guid":{"rendered":"http:\/\/www.quintapadressantos.com\/site\/?page_id=8730"},"modified":"2021-09-27T15:02:12","modified_gmt":"2021-09-27T15:02:12","slug":"quinta","status":"publish","type":"page","link":"https:\/\/www.quintapadressantos.com\/site\/quinta\/","title":{"rendered":"Quinta"},"content":{"rendered":"\t\t<div data-elementor-type=\"wp-page\" data-elementor-id=\"8730\" class=\"elementor elementor-8730\">\n\t\t\t\t\t\t<div class=\"elementor-inner\">\n\t\t\t\t<div class=\"elementor-section-wrap\">\n\t\t\t\t\t\t\t\t\t<section class=\"elementor-section elementor-top-section elementor-element elementor-element-2586e5b elementor-section-stretched elementor-section-full_width elementor-section-height-default elementor-section-height-default\" data-id=\"2586e5b\" data-element_type=\"section\" data-settings=\"{&quot;stretch_section&quot;:&quot;section-stretched&quot;,&quot;background_background&quot;:&quot;classic&quot;}\">\n\t\t\t\t\t\t\t<div class=\"elementor-background-overlay\"><\/div>\n\t\t\t\t\t\t\t<div class=\"elementor-container elementor-column-gap-no\">\n\t\t\t\t\t\t\t<div class=\"elementor-row\">\n\t\t\t\t\t<div class=\"elementor-column elementor-col-100 elementor-top-column elementor-element elementor-element-f0becbe\" data-id=\"f0becbe\" data-element_type=\"column\">\n\t\t\t<div class=\"elementor-column-wrap\">\n\t\t\t\t\t\t\t<div class=\"elementor-widget-wrap\">\n\t\t\t\t\t\t\t\t<\/div>\n\t\t\t\t\t<\/div>\n\t\t<\/div>\n\t\t\t\t\t\t\t\t<\/div>\n\t\t\t\t\t<\/div>\n\t\t<\/section>\n\t\t\t\t<section class=\"elementor-section elementor-top-section elementor-element elementor-element-749cfd7 elementor-section-stretched elementor-section-boxed elementor-section-height-default elementor-section-height-default\" data-id=\"749cfd7\" data-element_type=\"section\" data-settings=\"{&quot;stretch_section&quot;:&quot;section-stretched&quot;,&quot;background_background&quot;:&quot;classic&quot;}\">\n\t\t\t\t\t\t\t<div class=\"elementor-background-overlay\"><\/div>\n\t\t\t\t\t\t\t<div class=\"elementor-container elementor-column-gap-default\">\n\t\t\t\t\t\t\t<div class=\"elementor-row\">\n\t\t\t\t\t<div class=\"elementor-column elementor-col-100 elementor-top-column elementor-element elementor-element-a80a3e8\" data-id=\"a80a3e8\" data-element_type=\"column\">\n\t\t\t<div class=\"elementor-column-wrap elementor-element-populated\">\n\t\t\t\t\t\t\t<div class=\"elementor-widget-wrap\">\n\t\t\t\t\t\t<div class=\"elementor-element elementor-element-1e649d9 elementor-widget elementor-widget-menu-anchor\" data-id=\"1e649d9\" data-element_type=\"widget\" data-widget_type=\"menu-anchor.default\">\n\t\t\t\t<div class=\"elementor-widget-container\">\n\t\t\t\t\t<div id=\"quinta\" class=\"elementor-menu-anchor\"><\/div>\n\t\t\t\t<\/div>\n\t\t\t\t<\/div>\n\t\t\t\t<div class=\"elementor-element elementor-element-7f09575 elementor-widget elementor-widget-heading\" data-id=\"7f09575\" data-element_type=\"widget\" data-widget_type=\"heading.default\">\n\t\t\t\t<div class=\"elementor-widget-container\">\n\t\t\t<h2 class=\"elementor-heading-title elementor-size-default\">Quinta Padres Santos<\/h2>\t\t<\/div>\n\t\t\t\t<\/div>\n\t\t\t\t<div class=\"elementor-element elementor-element-c4a54f5 elementor-widget elementor-widget-image\" data-id=\"c4a54f5\" data-element_type=\"widget\" data-widget_type=\"image.default\">\n\t\t\t\t<div class=\"elementor-widget-container\">\n\t\t\t\t\t\t\t\t<div class=\"elementor-image\">\n\t\t\t\t\t\t\t\t\t\t\t\t<img loading=\"lazy\" decoding=\"async\" width=\"1\" height=\"1\" src=\"https:\/\/www.quintapadressantos.com\/site\/wp-content\/uploads\/2020\/05\/zigzag-1.svg\" class=\"attachment-full size-full wp-image-8972\" alt=\"\" \/>\t\t\t\t\t\t\t\t\t\t\t\t\t\t<\/div>\n\t\t\t\t\t\t<\/div>\n\t\t\t\t<\/div>\n\t\t\t\t<section class=\"elementor-section elementor-inner-section elementor-element elementor-element-ace4435 elementor-section-boxed elementor-section-height-default elementor-section-height-default\" data-id=\"ace4435\" data-element_type=\"section\">\n\t\t\t\t\t\t<div class=\"elementor-container elementor-column-gap-default\">\n\t\t\t\t\t\t\t<div class=\"elementor-row\">\n\t\t\t\t\t<div class=\"elementor-column elementor-col-50 elementor-inner-column elementor-element elementor-element-f9940be\" data-id=\"f9940be\" data-element_type=\"column\">\n\t\t\t<div class=\"elementor-column-wrap elementor-element-populated\">\n\t\t\t\t\t\t\t<div class=\"elementor-widget-wrap\">\n\t\t\t\t\t\t<div class=\"elementor-element elementor-element-cd90c40 elementor-widget elementor-widget-text-editor\" data-id=\"cd90c40\" data-element_type=\"widget\" data-widget_type=\"text-editor.default\">\n\t\t\t\t<div class=\"elementor-widget-container\">\n\t\t\t\t\t\t\t\t<div class=\"elementor-text-editor elementor-clearfix\">\n\t\t\t\t<div><div data-index=\"1\"><div><div><div align=\"justify\"><p>A Quinta dos Padres Santos \u00e9 o que resta de uma propriedade duriense de um casal que, por darem p\u00e3o aos pobres, se tornaram os Padres Santos nos finais do s\u00e9c. XIX, nos dom\u00ednios da Ordem de Cister em Portugal.<\/p><p>Nesta \u00e9poca Padre significava Pai, ou seja, este tinha a responsabilidade de sustentar a fam\u00edlia. E foi o que este casal fez, sentiu-se respons\u00e1vel por fazer esta obra de benefic\u00eancia \u00e0s pessoas da regi\u00e3o.\u00a0Todos os dias com a farinha que produziam nos dois moinhos de \u00e1gua da Quinta, faziam o p\u00e3o\u00a0nos dois fornos de lenha, que depois distribu\u00edam aos pobres da regi\u00e3o.<\/p><p style=\"margin-bottom: 20px;\">Esta aura continua a imperar na Quinta, pois queremos continuar a fazer bem ao pr\u00f3ximo e que a fam\u00edlia Padres Santos continue a aumentar.<\/p><\/div><\/div><\/div><\/div><\/div>\t\t\t\t\t<\/div>\n\t\t\t\t\t\t<\/div>\n\t\t\t\t<\/div>\n\t\t\t\t\t\t<\/div>\n\t\t\t\t\t<\/div>\n\t\t<\/div>\n\t\t\t\t<div class=\"elementor-column elementor-col-50 elementor-inner-column elementor-element elementor-element-0229e9c\" data-id=\"0229e9c\" data-element_type=\"column\">\n\t\t\t<div class=\"elementor-column-wrap elementor-element-populated\">\n\t\t\t\t\t\t\t<div class=\"elementor-widget-wrap\">\n\t\t\t\t\t\t<div class=\"elementor-element elementor-element-28de235 elementor-widget elementor-widget-text-editor\" data-id=\"28de235\" data-element_type=\"widget\" data-widget_type=\"text-editor.default\">\n\t\t\t\t<div class=\"elementor-widget-container\">\n\t\t\t\t\t\t\t\t<div class=\"elementor-text-editor elementor-clearfix\">\n\t\t\t\t<p>Atualmente a Quinta dos Padres Santos \u00e9 um empreendimento de agroturismo que alia a agricultura ao patrim\u00f3nio etnogr\u00e1fico recuperado e adaptado ao conforto dos dias de hoje.<\/p><p>Aqui esperamos que se sinta em casa e que encontre um momento seu! Vamos estar \u00e0 sua espera para lhe proporcionar momentos \u00fanicos e especiais, pois queremos muito mim\u00e1-lo\u2026 Venha conhecer-nos e por c\u00e1 ficar, porque aqui o Sonho nasceu, anda e nunca acabar\u00e1.<\/p><p><strong>Visite-nos\u2026<\/strong><\/p>\t\t\t\t\t<\/div>\n\t\t\t\t\t\t<\/div>\n\t\t\t\t<\/div>\n\t\t\t\t\t\t<\/div>\n\t\t\t\t\t<\/div>\n\t\t<\/div>\n\t\t\t\t\t\t\t\t<\/div>\n\t\t\t\t\t<\/div>\n\t\t<\/section>\n\t\t\t\t<div class=\"elementor-element elementor-element-3768216 elementor-widget-divider--view-line elementor-widget elementor-widget-divider\" data-id=\"3768216\" data-element_type=\"widget\" id=\"volta\" data-widget_type=\"divider.default\">\n\t\t\t\t<div class=\"elementor-widget-container\">\n\t\t\t\t\t<div class=\"elementor-divider\">\n\t\t\t<span class=\"elementor-divider-separator\">\n\t\t\t\t\t\t<\/span>\n\t\t<\/div>\n\t\t\t\t<\/div>\n\t\t\t\t<\/div>\n\t\t\t\t<div class=\"elementor-element elementor-element-965dc94 elementor-widget elementor-widget-menu-anchor\" data-id=\"965dc94\" data-element_type=\"widget\" data-widget_type=\"menu-anchor.default\">\n\t\t\t\t<div class=\"elementor-widget-container\">\n\t\t\t\t\t<div id=\"volta\" class=\"elementor-menu-anchor\"><\/div>\n\t\t\t\t<\/div>\n\t\t\t\t<\/div>\n\t\t\t\t<div class=\"elementor-element elementor-element-69d2144 elementor-widget elementor-widget-heading\" data-id=\"69d2144\" data-element_type=\"widget\" data-widget_type=\"heading.default\">\n\t\t\t\t<div class=\"elementor-widget-container\">\n\t\t\t<h2 class=\"elementor-heading-title elementor-size-default\">\u00c0 nossa volta<\/h2>\t\t<\/div>\n\t\t\t\t<\/div>\n\t\t\t\t<div class=\"elementor-element elementor-element-04f02f8 elementor-widget elementor-widget-image\" data-id=\"04f02f8\" data-element_type=\"widget\" data-widget_type=\"image.default\">\n\t\t\t\t<div class=\"elementor-widget-container\">\n\t\t\t\t\t\t\t\t<div class=\"elementor-image\">\n\t\t\t\t\t\t\t\t\t\t\t\t<img loading=\"lazy\" decoding=\"async\" width=\"1\" height=\"1\" src=\"https:\/\/www.quintapadressantos.com\/site\/wp-content\/uploads\/2020\/05\/zigzag-1.svg\" class=\"attachment-full size-full wp-image-8972\" alt=\"\" \/>\t\t\t\t\t\t\t\t\t\t\t\t\t\t<\/div>\n\t\t\t\t\t\t<\/div>\n\t\t\t\t<\/div>\n\t\t\t\t<section class=\"elementor-section elementor-inner-section elementor-element elementor-element-5a75741 elementor-section-boxed elementor-section-height-default elementor-section-height-default\" data-id=\"5a75741\" data-element_type=\"section\">\n\t\t\t\t\t\t<div class=\"elementor-container elementor-column-gap-default\">\n\t\t\t\t\t\t\t<div class=\"elementor-row\">\n\t\t\t\t\t<div class=\"elementor-column elementor-col-50 elementor-inner-column elementor-element elementor-element-472a3c3\" data-id=\"472a3c3\" data-element_type=\"column\">\n\t\t\t<div class=\"elementor-column-wrap elementor-element-populated\">\n\t\t\t\t\t\t\t<div class=\"elementor-widget-wrap\">\n\t\t\t\t\t\t<div class=\"elementor-element elementor-element-0b895fb elementor-widget elementor-widget-heading\" data-id=\"0b895fb\" data-element_type=\"widget\" data-widget_type=\"heading.default\">\n\t\t\t\t<div class=\"elementor-widget-container\">\n\t\t\t<h2 class=\"elementor-heading-title elementor-size-default\">Tarouca<\/h2>\t\t<\/div>\n\t\t\t\t<\/div>\n\t\t\t\t<div class=\"elementor-element elementor-element-aadfe0e elementor-widget-divider--view-line elementor-widget elementor-widget-divider\" data-id=\"aadfe0e\" data-element_type=\"widget\" data-widget_type=\"divider.default\">\n\t\t\t\t<div class=\"elementor-widget-container\">\n\t\t\t\t\t<div class=\"elementor-divider\">\n\t\t\t<span class=\"elementor-divider-separator\">\n\t\t\t\t\t\t<\/span>\n\t\t<\/div>\n\t\t\t\t<\/div>\n\t\t\t\t<\/div>\n\t\t\t\t<div class=\"elementor-element elementor-element-bc1bafd elementor-widget elementor-widget-text-editor\" data-id=\"bc1bafd\" data-element_type=\"widget\" data-widget_type=\"text-editor.default\">\n\t\t\t\t<div class=\"elementor-widget-container\">\n\t\t\t\t\t\t\t\t<div class=\"elementor-text-editor elementor-clearfix\">\n\t\t\t\t<p>A partir da Quinta dos Padres Santos pode iniciar a descoberta de uma beleza \u00edmpar. Entre os rios Douro e Varosa encontra-se um vale encantado para descobrir. Tarouca, concelho onde a magia e a mem\u00f3ria dos tempos medievais sobrevivem nos monumentos, nas gentes, nas lendas e tradi\u00e7\u00f5es.<\/p><p><strong>Visite:<\/strong> Miradouro de Santa Helena, Caves da Murganheira, Casa do Pa\u00e7o, Mosteiro de S\u00e3o Jo\u00e3o de Tarouca, Mosteiro de Salzedas, Ponte Fortificada da Ucanha, Vale do Varosa e cascatas.<\/p><p><strong>Outros locais a visitar:<\/strong> Ferreirim, Lazarim, Lamego, R\u00e9gua e Pinh\u00e3o.<\/p>\t\t\t\t\t<\/div>\n\t\t\t\t\t\t<\/div>\n\t\t\t\t<\/div>\n\t\t\t\t\t\t<\/div>\n\t\t\t\t\t<\/div>\n\t\t<\/div>\n\t\t\t\t<div class=\"elementor-column elementor-col-50 elementor-inner-column elementor-element elementor-element-7eae2c1\" data-id=\"7eae2c1\" data-element_type=\"column\">\n\t\t\t<div class=\"elementor-column-wrap elementor-element-populated\">\n\t\t\t\t\t\t\t<div class=\"elementor-widget-wrap\">\n\t\t\t\t\t\t<div class=\"elementor-element elementor-element-7bf583e elementor-widget elementor-widget-heading\" data-id=\"7bf583e\" data-element_type=\"widget\" data-widget_type=\"heading.default\">\n\t\t\t\t<div class=\"elementor-widget-container\">\n\t\t\t<h2 class=\"elementor-heading-title elementor-size-default\">Douro e Aldeias Vinhateiras<\/h2>\t\t<\/div>\n\t\t\t\t<\/div>\n\t\t\t\t<div class=\"elementor-element elementor-element-4f89524 elementor-widget-divider--view-line elementor-widget elementor-widget-divider\" data-id=\"4f89524\" data-element_type=\"widget\" data-widget_type=\"divider.default\">\n\t\t\t\t<div class=\"elementor-widget-container\">\n\t\t\t\t\t<div class=\"elementor-divider\">\n\t\t\t<span class=\"elementor-divider-separator\">\n\t\t\t\t\t\t<\/span>\n\t\t<\/div>\n\t\t\t\t<\/div>\n\t\t\t\t<\/div>\n\t\t\t\t<div class=\"elementor-element elementor-element-d791b22 elementor-widget elementor-widget-text-editor\" data-id=\"d791b22\" data-element_type=\"widget\" data-widget_type=\"text-editor.default\">\n\t\t\t\t<div class=\"elementor-widget-container\">\n\t\t\t\t\t\t\t\t<div class=\"elementor-text-editor elementor-clearfix\">\n\t\t\t\t<p>Sempre encantador e maravilhoso. Visite os miradouros de: S. Leonardo de Galafura, S. Salvador do Mundo, Casal de Loivos e deslumbre-se com a paisagem \u00fanica dos socalcos.<\/p>\n<p>Deslumbre-se, tamb\u00e9m, com as aldeias vinhateiras t\u00e3o perto de si. Ucanha, Salzedas, Provesende, Barcos, Favais e Trev\u00f5es.<\/p>\t\t\t\t\t<\/div>\n\t\t\t\t\t\t<\/div>\n\t\t\t\t<\/div>\n\t\t\t\t\t\t<\/div>\n\t\t\t\t\t<\/div>\n\t\t<\/div>\n\t\t\t\t\t\t\t\t<\/div>\n\t\t\t\t\t<\/div>\n\t\t<\/section>\n\t\t\t\t<div class=\"elementor-element elementor-element-28685c5 elementor-widget elementor-widget-heading\" data-id=\"28685c5\" data-element_type=\"widget\" data-widget_type=\"heading.default\">\n\t\t\t\t<div class=\"elementor-widget-container\">\n\t\t\t<h2 class=\"elementor-heading-title elementor-size-default\">Galeria<\/h2>\t\t<\/div>\n\t\t\t\t<\/div>\n\t\t\t\t<div class=\"elementor-element elementor-element-e3e8698 elementor-widget elementor-widget-image\" data-id=\"e3e8698\" data-element_type=\"widget\" data-widget_type=\"image.default\">\n\t\t\t\t<div class=\"elementor-widget-container\">\n\t\t\t\t\t\t\t\t<div class=\"elementor-image\">\n\t\t\t\t\t\t\t\t\t\t\t\t<img loading=\"lazy\" decoding=\"async\" width=\"1\" height=\"1\" src=\"https:\/\/www.quintapadressantos.com\/site\/wp-content\/uploads\/2020\/05\/zigzag-1.svg\" class=\"attachment-full size-full wp-image-8972\" alt=\"\" \/>\t\t\t\t\t\t\t\t\t\t\t\t\t\t<\/div>\n\t\t\t\t\t\t<\/div>\n\t\t\t\t<\/div>\n\t\t\t\t<div class=\"elementor-element elementor-element-31c68b3 elementor-widget elementor-widget-foogallery\" data-id=\"31c68b3\" data-element_type=\"widget\" data-widget_type=\"foogallery.default\">\n\t\t\t\t<div class=\"elementor-widget-container\">\n\t\t\t<div class=\"foogallery foogallery-container foogallery-masonry foogallery-lightbox-foobox fg-center fg-masonry fg-light fg-loading-pulse fg-loaded-fade-in fg-hover-scale fg-caption-hover fg-hover-fade fg-ready fg-col4\" id=\"foogallery-gallery-8008\" data-foogallery=\"{&quot;item&quot;:{&quot;showCaptionTitle&quot;:true,&quot;showCaptionDescription&quot;:true},&quot;lazy&quot;:true}\" >\r\n\t\t<div class=\"fg-column-width\"><\/div>\r\n\t<div class=\"fg-gutter-width\"><\/div>\r\n\t\t<\/div>\t\t<\/div>\n\t\t\t\t<\/div>\n\t\t\t\t\t\t<\/div>\n\t\t\t\t\t<\/div>\n\t\t<\/div>\n\t\t\t\t\t\t\t\t<\/div>\n\t\t\t\t\t<\/div>\n\t\t<\/section>\n\t\t\t\t\t\t\t\t\t<\/div>\n\t\t\t<\/div>\n\t\t\t\t\t<\/div>\n\t\t","protected":false},"excerpt":{"rendered":"<p>Quinta Padres Santos<\/p>\n<p>A Quinta dos Padres Santos \u00e9 o que resta de uma propriedade duriense de um casal <\/p>\n","protected":false},"author":1,"featured_media":0,"parent":0,"menu_order":0,"comment_status":"closed","ping_status":"closed","template":"page-templates\/homepage.php","meta":{"inline_featured_image":false,"footnotes":""},"_links":{"self":[{"href":"https:\/\/www.quintapadressantos.com\/site\/wp-json\/wp\/v2\/pages\/8730"}],"collection":[{"href":"https:\/\/www.quintapadressantos.com\/site\/wp-json\/wp\/v2\/pages"}],"about":[{"href":"https:\/\/www.quintapadressantos.com\/site\/wp-json\/wp\/v2\/types\/page"}],"author":[{"embeddable":true,"href":"https:\/\/www.quintapadressantos.com\/site\/wp-json\/wp\/v2\/users\/1"}],"replies":[{"embeddable":true,"href":"https:\/\/www.quintapadressantos.com\/site\/wp-json\/wp\/v2\/comments?post=8730"}],"version-history":[{"count":28,"href":"https:\/\/www.quintapadressantos.com\/site\/wp-json\/wp\/v2\/pages\/8730\/revisions"}],"predecessor-version":[{"id":10419,"href":"https:\/\/www.quintapadressantos.com\/site\/wp-json\/wp\/v2\/pages\/8730\/revisions\/10419"}],"wp:attachment":[{"href":"https:\/\/www.quintapadressantos.com\/site\/wp-json\/wp\/v2\/media?parent=8730"}],"curies":[{"name":"wp","href":"https:\/\/api.w.org\/{rel}","templated":true}]}}