{"id":8720,"date":"2020-03-17T11:22:43","date_gmt":"2020-03-17T11:22:43","guid":{"rendered":"http:\/\/www.quintapadressantos.com\/site\/?page_id=8720"},"modified":"2021-07-23T07:59:11","modified_gmt":"2021-07-23T07:59:11","slug":"eventos","status":"publish","type":"page","link":"https:\/\/www.quintapadressantos.com\/site\/servicos\/eventos\/","title":{"rendered":"Eventos"},"content":{"rendered":"\t\t<div data-elementor-type=\"wp-page\" data-elementor-id=\"8720\" class=\"elementor elementor-8720\">\n\t\t\t\t\t\t<div class=\"elementor-inner\">\n\t\t\t\t<div class=\"elementor-section-wrap\">\n\t\t\t\t\t\t\t\t\t<section class=\"elementor-section elementor-top-section elementor-element elementor-element-2586e5b elementor-section-stretched elementor-section-full_width elementor-section-height-default elementor-section-height-default\" data-id=\"2586e5b\" data-element_type=\"section\" data-settings=\"{&quot;stretch_section&quot;:&quot;section-stretched&quot;,&quot;background_background&quot;:&quot;classic&quot;}\">\n\t\t\t\t\t\t\t<div class=\"elementor-background-overlay\"><\/div>\n\t\t\t\t\t\t\t<div class=\"elementor-container elementor-column-gap-no\">\n\t\t\t\t\t\t\t<div class=\"elementor-row\">\n\t\t\t\t\t<div class=\"elementor-column elementor-col-100 elementor-top-column elementor-element elementor-element-f0becbe\" data-id=\"f0becbe\" data-element_type=\"column\">\n\t\t\t<div class=\"elementor-column-wrap\">\n\t\t\t\t\t\t\t<div class=\"elementor-widget-wrap\">\n\t\t\t\t\t\t\t\t<\/div>\n\t\t\t\t\t<\/div>\n\t\t<\/div>\n\t\t\t\t\t\t\t\t<\/div>\n\t\t\t\t\t<\/div>\n\t\t<\/section>\n\t\t\t\t<section class=\"elementor-section elementor-top-section elementor-element elementor-element-98a2aa5 elementor-section-stretched elementor-section-boxed elementor-section-height-default elementor-section-height-default\" data-id=\"98a2aa5\" data-element_type=\"section\" data-settings=\"{&quot;stretch_section&quot;:&quot;section-stretched&quot;,&quot;background_background&quot;:&quot;classic&quot;}\">\n\t\t\t\t\t\t\t<div class=\"elementor-background-overlay\"><\/div>\n\t\t\t\t\t\t\t<div class=\"elementor-container elementor-column-gap-default\">\n\t\t\t\t\t\t\t<div class=\"elementor-row\">\n\t\t\t\t\t<div class=\"elementor-column elementor-col-100 elementor-top-column elementor-element elementor-element-afe9c43\" data-id=\"afe9c43\" data-element_type=\"column\">\n\t\t\t<div class=\"elementor-column-wrap elementor-element-populated\">\n\t\t\t\t\t\t\t<div class=\"elementor-widget-wrap\">\n\t\t\t\t\t\t<div class=\"elementor-element elementor-element-6acdb13 elementor-widget elementor-widget-heading\" data-id=\"6acdb13\" data-element_type=\"widget\" data-widget_type=\"heading.default\">\n\t\t\t\t<div class=\"elementor-widget-container\">\n\t\t\t<h2 class=\"elementor-heading-title elementor-size-default\">Os seus momentos especiais...\n<\/h2>\t\t<\/div>\n\t\t\t\t<\/div>\n\t\t\t\t<div class=\"elementor-element elementor-element-aa1feae elementor-widget elementor-widget-image\" data-id=\"aa1feae\" data-element_type=\"widget\" data-widget_type=\"image.default\">\n\t\t\t\t<div class=\"elementor-widget-container\">\n\t\t\t\t\t\t\t\t<div class=\"elementor-image\">\n\t\t\t\t\t\t\t\t\t\t\t\t<img loading=\"lazy\" decoding=\"async\" width=\"1\" height=\"1\" src=\"https:\/\/www.quintapadressantos.com\/site\/wp-content\/uploads\/2020\/05\/zigzag-1.svg\" class=\"attachment-full size-full wp-image-8972\" alt=\"\" \/>\t\t\t\t\t\t\t\t\t\t\t\t\t\t<\/div>\n\t\t\t\t\t\t<\/div>\n\t\t\t\t<\/div>\n\t\t\t\t<div class=\"elementor-element elementor-element-735bc48 elementor-widget elementor-widget-text-editor\" data-id=\"735bc48\" data-element_type=\"widget\" data-widget_type=\"text-editor.default\">\n\t\t\t\t<div class=\"elementor-widget-container\">\n\t\t\t\t\t\t\t\t<div class=\"elementor-text-editor elementor-clearfix\">\n\t\t\t\t<p>Momentos especiais merecem um local inesquec\u00edvel.<br \/>Na Quinta dos Padres Santos encontrar\u00e1 um espa\u00e7o aconchegante para a sua festa com amigos, eventos informais, anivers\u00e1rios, casamentos,\u2026<br \/>Tendo como cen\u00e1rio todo o charme da natureza, o seu momento tornar-se-\u00e1 \u00fanico.<br \/><strong>Queremos que nos guarde nas suas mem\u00f3rias.<\/strong><\/p>\t\t\t\t\t<\/div>\n\t\t\t\t\t\t<\/div>\n\t\t\t\t<\/div>\n\t\t\t\t<div class=\"elementor-element elementor-element-5e40e86 elementor-widget elementor-widget-heading\" data-id=\"5e40e86\" data-element_type=\"widget\" data-widget_type=\"heading.default\">\n\t\t\t\t<div class=\"elementor-widget-container\">\n\t\t\t<h2 class=\"elementor-heading-title elementor-size-default\">Galeria<\/h2>\t\t<\/div>\n\t\t\t\t<\/div>\n\t\t\t\t<div class=\"elementor-element elementor-element-3832c39 elementor-widget elementor-widget-image\" data-id=\"3832c39\" data-element_type=\"widget\" data-widget_type=\"image.default\">\n\t\t\t\t<div class=\"elementor-widget-container\">\n\t\t\t\t\t\t\t\t<div class=\"elementor-image\">\n\t\t\t\t\t\t\t\t\t\t\t\t<img loading=\"lazy\" decoding=\"async\" width=\"1\" height=\"1\" src=\"https:\/\/www.quintapadressantos.com\/site\/wp-content\/uploads\/2020\/05\/zigzag-1.svg\" class=\"attachment-full size-full wp-image-8972\" alt=\"\" \/>\t\t\t\t\t\t\t\t\t\t\t\t\t\t<\/div>\n\t\t\t\t\t\t<\/div>\n\t\t\t\t<\/div>\n\t\t\t\t<div class=\"elementor-element elementor-element-f09e7b1 elementor-widget elementor-widget-foogallery\" data-id=\"f09e7b1\" data-element_type=\"widget\" data-widget_type=\"foogallery.default\">\n\t\t\t\t<div class=\"elementor-widget-container\">\n\t\t\t<div class=\"foogallery foogallery-container foogallery-masonry foogallery-lightbox-foobox fg-center fg-masonry fg-light fg-loading-pulse fg-loaded-fade-in fg-hover-scale fg-hover-fade fg-ready fg-col4\" id=\"foogallery-gallery-7776\" data-foogallery=\"{&quot;item&quot;:{&quot;showCaptionTitle&quot;:true,&quot;showCaptionDescription&quot;:true},&quot;lazy&quot;:true}\" >\r\n\t\t<div class=\"fg-column-width\"><\/div>\r\n\t<div class=\"fg-gutter-width\"><\/div>\r\n\t\t<div class=\"fg-item fg-type-image fg-idle\"><figure class=\"fg-item-inner\"><a href=\"https:\/\/www.quintapadressantos.com\/site\/wp-content\/uploads\/2019\/06\/EventosQuintaPadresSantos_6.jpg\" data-caption-desc=\"EventosQuintaPadresSantos_6\" data-attachment-id=\"7816\" data-type=\"image\" class=\"fg-thumb\"><span class=\"fg-image-wrap\"><img decoding=\"async\" width=\"100\" height=\"66\" class=\"skip-lazy fg-image\" data-src-fg=\"https:\/\/www.quintapadressantos.com\/site\/wp-content\/uploads\/2019\/06\/EventosQuintaPadresSantos_6-300x199.jpg\" data-srcset-fg=\"https:\/\/www.quintapadressantos.com\/site\/wp-content\/uploads\/2019\/06\/EventosQuintaPadresSantos_6-768x509.jpg 4x\" src=\"data:image\/svg+xml,%3Csvg%20xmlns%3D%22http%3A%2F%2Fwww.w3.org%2F2000%2Fsvg%22%20width%3D%22100%22%20height%3D%2266%22%20viewBox%3D%220%200%20100%2066%22%3E%3C%2Fsvg%3E\" loading=\"eager\"><\/span><span class=\"fg-image-overlay\"><\/span><\/a><figcaption class=\"fg-caption\"><div class=\"fg-caption-inner\"><div class=\"fg-caption-desc\">EventosQuintaPadresSantos_6<\/div><\/div><\/figcaption><\/figure><div class=\"fg-loader\"><\/div><\/div><div class=\"fg-item fg-type-image fg-idle\"><figure class=\"fg-item-inner\"><a href=\"https:\/\/www.quintapadressantos.com\/site\/wp-content\/uploads\/2019\/06\/EventosQuintaPadresSantos_3.jpg\" data-caption-desc=\"EventosQuintaPadresSantos_3\" data-attachment-id=\"7813\" data-type=\"image\" class=\"fg-thumb\"><span class=\"fg-image-wrap\"><img decoding=\"async\" width=\"100\" height=\"66\" class=\"skip-lazy fg-image\" data-src-fg=\"https:\/\/www.quintapadressantos.com\/site\/wp-content\/uploads\/2019\/06\/EventosQuintaPadresSantos_3-300x199.jpg\" data-srcset-fg=\"https:\/\/www.quintapadressantos.com\/site\/wp-content\/uploads\/2019\/06\/EventosQuintaPadresSantos_3-768x509.jpg 4x\" src=\"data:image\/svg+xml,%3Csvg%20xmlns%3D%22http%3A%2F%2Fwww.w3.org%2F2000%2Fsvg%22%20width%3D%22100%22%20height%3D%2266%22%20viewBox%3D%220%200%20100%2066%22%3E%3C%2Fsvg%3E\" loading=\"eager\"><\/span><span class=\"fg-image-overlay\"><\/span><\/a><figcaption class=\"fg-caption\"><div class=\"fg-caption-inner\"><div class=\"fg-caption-desc\">EventosQuintaPadresSantos_3<\/div><\/div><\/figcaption><\/figure><div class=\"fg-loader\"><\/div><\/div><div class=\"fg-item fg-type-image fg-idle\"><figure class=\"fg-item-inner\"><a href=\"https:\/\/www.quintapadressantos.com\/site\/wp-content\/uploads\/2019\/06\/EventosQuintaPadresSantos_2.jpg\" data-caption-desc=\"EventosQuintaPadresSantos_2\" data-attachment-id=\"7812\" data-type=\"image\" class=\"fg-thumb\"><span class=\"fg-image-wrap\"><img decoding=\"async\" width=\"100\" height=\"66\" class=\"skip-lazy fg-image\" data-src-fg=\"https:\/\/www.quintapadressantos.com\/site\/wp-content\/uploads\/2019\/06\/EventosQuintaPadresSantos_2-300x199.jpg\" data-srcset-fg=\"https:\/\/www.quintapadressantos.com\/site\/wp-content\/uploads\/2019\/06\/EventosQuintaPadresSantos_2-768x509.jpg 4x\" src=\"data:image\/svg+xml,%3Csvg%20xmlns%3D%22http%3A%2F%2Fwww.w3.org%2F2000%2Fsvg%22%20width%3D%22100%22%20height%3D%2266%22%20viewBox%3D%220%200%20100%2066%22%3E%3C%2Fsvg%3E\" loading=\"eager\"><\/span><span class=\"fg-image-overlay\"><\/span><\/a><figcaption class=\"fg-caption\"><div class=\"fg-caption-inner\"><div class=\"fg-caption-desc\">EventosQuintaPadresSantos_2<\/div><\/div><\/figcaption><\/figure><div class=\"fg-loader\"><\/div><\/div><div class=\"fg-item fg-type-image fg-idle\"><figure class=\"fg-item-inner\"><a href=\"https:\/\/www.quintapadressantos.com\/site\/wp-content\/uploads\/2019\/06\/EventosQuintaPadresSantos_4.jpg\" data-caption-desc=\"EventosQuintaPadresSantos_4\" data-attachment-id=\"7814\" data-type=\"image\" class=\"fg-thumb\"><span class=\"fg-image-wrap\"><img decoding=\"async\" width=\"100\" height=\"66\" class=\"skip-lazy fg-image\" data-src-fg=\"https:\/\/www.quintapadressantos.com\/site\/wp-content\/uploads\/2019\/06\/EventosQuintaPadresSantos_4-300x199.jpg\" data-srcset-fg=\"https:\/\/www.quintapadressantos.com\/site\/wp-content\/uploads\/2019\/06\/EventosQuintaPadresSantos_4-768x509.jpg 4x\" src=\"data:image\/svg+xml,%3Csvg%20xmlns%3D%22http%3A%2F%2Fwww.w3.org%2F2000%2Fsvg%22%20width%3D%22100%22%20height%3D%2266%22%20viewBox%3D%220%200%20100%2066%22%3E%3C%2Fsvg%3E\" loading=\"eager\"><\/span><span class=\"fg-image-overlay\"><\/span><\/a><figcaption class=\"fg-caption\"><div class=\"fg-caption-inner\"><div class=\"fg-caption-desc\">EventosQuintaPadresSantos_4<\/div><\/div><\/figcaption><\/figure><div class=\"fg-loader\"><\/div><\/div><div class=\"fg-item fg-type-image fg-idle\"><figure class=\"fg-item-inner\"><a href=\"https:\/\/www.quintapadressantos.com\/site\/wp-content\/uploads\/2019\/06\/EventosQuintaPadresSantos_5.jpg\" data-caption-desc=\"EventosQuintaPadresSantos_5\" data-attachment-id=\"7815\" data-type=\"image\" class=\"fg-thumb\"><span class=\"fg-image-wrap\"><img decoding=\"async\" width=\"100\" height=\"66\" class=\"skip-lazy fg-image\" data-src-fg=\"https:\/\/www.quintapadressantos.com\/site\/wp-content\/uploads\/2019\/06\/EventosQuintaPadresSantos_5-300x199.jpg\" data-srcset-fg=\"https:\/\/www.quintapadressantos.com\/site\/wp-content\/uploads\/2019\/06\/EventosQuintaPadresSantos_5-768x509.jpg 4x\" src=\"data:image\/svg+xml,%3Csvg%20xmlns%3D%22http%3A%2F%2Fwww.w3.org%2F2000%2Fsvg%22%20width%3D%22100%22%20height%3D%2266%22%20viewBox%3D%220%200%20100%2066%22%3E%3C%2Fsvg%3E\" loading=\"eager\"><\/span><span class=\"fg-image-overlay\"><\/span><\/a><figcaption class=\"fg-caption\"><div class=\"fg-caption-inner\"><div class=\"fg-caption-desc\">EventosQuintaPadresSantos_5<\/div><\/div><\/figcaption><\/figure><div class=\"fg-loader\"><\/div><\/div><div class=\"fg-item fg-type-image fg-idle\"><figure class=\"fg-item-inner\"><a href=\"https:\/\/www.quintapadressantos.com\/site\/wp-content\/uploads\/2019\/06\/EventosQuintaPadresSantos_1.jpg\" data-caption-desc=\"EventosQuintaPadresSantos_1\" data-attachment-id=\"7811\" data-type=\"image\" class=\"fg-thumb\"><span class=\"fg-image-wrap\"><img decoding=\"async\" width=\"100\" height=\"66\" class=\"skip-lazy fg-image\" data-src-fg=\"https:\/\/www.quintapadressantos.com\/site\/wp-content\/uploads\/2019\/06\/EventosQuintaPadresSantos_1-300x199.jpg\" data-srcset-fg=\"https:\/\/www.quintapadressantos.com\/site\/wp-content\/uploads\/2019\/06\/EventosQuintaPadresSantos_1-768x509.jpg 4x\" src=\"data:image\/svg+xml,%3Csvg%20xmlns%3D%22http%3A%2F%2Fwww.w3.org%2F2000%2Fsvg%22%20width%3D%22100%22%20height%3D%2266%22%20viewBox%3D%220%200%20100%2066%22%3E%3C%2Fsvg%3E\" loading=\"eager\"><\/span><span class=\"fg-image-overlay\"><\/span><\/a><figcaption class=\"fg-caption\"><div class=\"fg-caption-inner\"><div class=\"fg-caption-desc\">EventosQuintaPadresSantos_1<\/div><\/div><\/figcaption><\/figure><div class=\"fg-loader\"><\/div><\/div><div class=\"fg-item fg-type-image fg-idle\"><figure class=\"fg-item-inner\"><a href=\"https:\/\/www.quintapadressantos.com\/site\/wp-content\/uploads\/2019\/05\/EventosQuintaPadresSantos_7.jpg\" data-caption-desc=\"EventosQuintaPadresSantos_7\" data-attachment-id=\"7817\" data-type=\"image\" class=\"fg-thumb\"><span class=\"fg-image-wrap\"><img decoding=\"async\" width=\"100\" height=\"66\" class=\"skip-lazy fg-image\" data-src-fg=\"https:\/\/www.quintapadressantos.com\/site\/wp-content\/uploads\/2019\/05\/EventosQuintaPadresSantos_7-300x199.jpg\" data-srcset-fg=\"https:\/\/www.quintapadressantos.com\/site\/wp-content\/uploads\/2019\/05\/EventosQuintaPadresSantos_7-768x509.jpg 4x\" src=\"data:image\/svg+xml,%3Csvg%20xmlns%3D%22http%3A%2F%2Fwww.w3.org%2F2000%2Fsvg%22%20width%3D%22100%22%20height%3D%2266%22%20viewBox%3D%220%200%20100%2066%22%3E%3C%2Fsvg%3E\" loading=\"eager\"><\/span><span class=\"fg-image-overlay\"><\/span><\/a><figcaption class=\"fg-caption\"><div class=\"fg-caption-inner\"><div class=\"fg-caption-desc\">EventosQuintaPadresSantos_7<\/div><\/div><\/figcaption><\/figure><div class=\"fg-loader\"><\/div><\/div><div class=\"fg-item fg-type-image fg-idle\"><figure class=\"fg-item-inner\"><a href=\"https:\/\/www.quintapadressantos.com\/site\/wp-content\/uploads\/2019\/05\/EventosQuintaPadresSantos_8-1.jpg\" data-caption-desc=\"EventosQuintaPadresSantos_8\" data-attachment-id=\"7818\" data-type=\"image\" class=\"fg-thumb\"><span class=\"fg-image-wrap\"><img decoding=\"async\" width=\"100\" height=\"66\" class=\"skip-lazy fg-image\" data-src-fg=\"https:\/\/www.quintapadressantos.com\/site\/wp-content\/uploads\/2019\/05\/EventosQuintaPadresSantos_8-1-300x199.jpg\" data-srcset-fg=\"https:\/\/www.quintapadressantos.com\/site\/wp-content\/uploads\/2019\/05\/EventosQuintaPadresSantos_8-1-768x509.jpg 4x\" src=\"data:image\/svg+xml,%3Csvg%20xmlns%3D%22http%3A%2F%2Fwww.w3.org%2F2000%2Fsvg%22%20width%3D%22100%22%20height%3D%2266%22%20viewBox%3D%220%200%20100%2066%22%3E%3C%2Fsvg%3E\" loading=\"eager\"><\/span><span class=\"fg-image-overlay\"><\/span><\/a><figcaption class=\"fg-caption\"><div class=\"fg-caption-inner\"><div class=\"fg-caption-desc\">EventosQuintaPadresSantos_8<\/div><\/div><\/figcaption><\/figure><div class=\"fg-loader\"><\/div><\/div><div class=\"fg-item fg-type-image fg-idle\"><figure class=\"fg-item-inner\"><a href=\"https:\/\/www.quintapadressantos.com\/site\/wp-content\/uploads\/2019\/05\/EventosQuintaPadresSantos_9-1.jpg\" data-caption-desc=\"EventosQuintaPadresSantos_9\" data-attachment-id=\"7819\" data-type=\"image\" class=\"fg-thumb\"><span class=\"fg-image-wrap\"><img decoding=\"async\" width=\"100\" height=\"66\" class=\"skip-lazy fg-image\" data-src-fg=\"https:\/\/www.quintapadressantos.com\/site\/wp-content\/uploads\/2019\/05\/EventosQuintaPadresSantos_9-1-300x199.jpg\" data-srcset-fg=\"https:\/\/www.quintapadressantos.com\/site\/wp-content\/uploads\/2019\/05\/EventosQuintaPadresSantos_9-1-768x509.jpg 4x\" src=\"data:image\/svg+xml,%3Csvg%20xmlns%3D%22http%3A%2F%2Fwww.w3.org%2F2000%2Fsvg%22%20width%3D%22100%22%20height%3D%2266%22%20viewBox%3D%220%200%20100%2066%22%3E%3C%2Fsvg%3E\" loading=\"eager\"><\/span><span class=\"fg-image-overlay\"><\/span><\/a><figcaption class=\"fg-caption\"><div class=\"fg-caption-inner\"><div class=\"fg-caption-desc\">EventosQuintaPadresSantos_9<\/div><\/div><\/figcaption><\/figure><div class=\"fg-loader\"><\/div><\/div><div class=\"fg-item fg-type-image fg-idle\"><figure class=\"fg-item-inner\"><a href=\"https:\/\/www.quintapadressantos.com\/site\/wp-content\/uploads\/2019\/05\/EventosQuintaPadresSantos_10-1.jpg\" data-caption-desc=\"EventosQuintaPadresSantos_10\" data-attachment-id=\"7820\" data-type=\"image\" class=\"fg-thumb\"><span class=\"fg-image-wrap\"><img decoding=\"async\" width=\"100\" height=\"66\" class=\"skip-lazy fg-image\" data-src-fg=\"https:\/\/www.quintapadressantos.com\/site\/wp-content\/uploads\/2019\/05\/EventosQuintaPadresSantos_10-1-300x199.jpg\" data-srcset-fg=\"https:\/\/www.quintapadressantos.com\/site\/wp-content\/uploads\/2019\/05\/EventosQuintaPadresSantos_10-1-768x509.jpg 4x\" src=\"data:image\/svg+xml,%3Csvg%20xmlns%3D%22http%3A%2F%2Fwww.w3.org%2F2000%2Fsvg%22%20width%3D%22100%22%20height%3D%2266%22%20viewBox%3D%220%200%20100%2066%22%3E%3C%2Fsvg%3E\" loading=\"eager\"><\/span><span class=\"fg-image-overlay\"><\/span><\/a><figcaption class=\"fg-caption\"><div class=\"fg-caption-inner\"><div class=\"fg-caption-desc\">EventosQuintaPadresSantos_10<\/div><\/div><\/figcaption><\/figure><div class=\"fg-loader\"><\/div><\/div><div class=\"fg-item fg-type-image fg-idle\"><figure class=\"fg-item-inner\"><a href=\"https:\/\/www.quintapadressantos.com\/site\/wp-content\/uploads\/2019\/05\/EventosQuintaPadresSantos_11-1.jpg\" data-caption-desc=\"EventosQuintaPadresSantos_11\" data-attachment-id=\"7821\" data-type=\"image\" class=\"fg-thumb\"><span class=\"fg-image-wrap\"><img decoding=\"async\" width=\"100\" height=\"66\" class=\"skip-lazy fg-image\" data-src-fg=\"https:\/\/www.quintapadressantos.com\/site\/wp-content\/uploads\/2019\/05\/EventosQuintaPadresSantos_11-1-300x199.jpg\" data-srcset-fg=\"https:\/\/www.quintapadressantos.com\/site\/wp-content\/uploads\/2019\/05\/EventosQuintaPadresSantos_11-1-768x509.jpg 4x\" src=\"data:image\/svg+xml,%3Csvg%20xmlns%3D%22http%3A%2F%2Fwww.w3.org%2F2000%2Fsvg%22%20width%3D%22100%22%20height%3D%2266%22%20viewBox%3D%220%200%20100%2066%22%3E%3C%2Fsvg%3E\" loading=\"eager\"><\/span><span class=\"fg-image-overlay\"><\/span><\/a><figcaption class=\"fg-caption\"><div class=\"fg-caption-inner\"><div class=\"fg-caption-desc\">EventosQuintaPadresSantos_11<\/div><\/div><\/figcaption><\/figure><div class=\"fg-loader\"><\/div><\/div><div class=\"fg-item fg-type-image fg-idle\"><figure class=\"fg-item-inner\"><a href=\"https:\/\/www.quintapadressantos.com\/site\/wp-content\/uploads\/2019\/05\/EventosQuintaPadresSantos_14-1.jpg\" data-caption-desc=\"EventosQuintaPadresSantos_14\" data-attachment-id=\"7824\" data-type=\"image\" class=\"fg-thumb\"><span class=\"fg-image-wrap\"><img decoding=\"async\" width=\"100\" height=\"66\" class=\"skip-lazy fg-image\" data-src-fg=\"https:\/\/www.quintapadressantos.com\/site\/wp-content\/uploads\/2019\/05\/EventosQuintaPadresSantos_14-1-300x199.jpg\" data-srcset-fg=\"https:\/\/www.quintapadressantos.com\/site\/wp-content\/uploads\/2019\/05\/EventosQuintaPadresSantos_14-1-768x509.jpg 4x\" src=\"data:image\/svg+xml,%3Csvg%20xmlns%3D%22http%3A%2F%2Fwww.w3.org%2F2000%2Fsvg%22%20width%3D%22100%22%20height%3D%2266%22%20viewBox%3D%220%200%20100%2066%22%3E%3C%2Fsvg%3E\" loading=\"eager\"><\/span><span class=\"fg-image-overlay\"><\/span><\/a><figcaption class=\"fg-caption\"><div class=\"fg-caption-inner\"><div class=\"fg-caption-desc\">EventosQuintaPadresSantos_14<\/div><\/div><\/figcaption><\/figure><div class=\"fg-loader\"><\/div><\/div><div class=\"fg-item fg-type-image fg-idle\"><figure class=\"fg-item-inner\"><a href=\"https:\/\/www.quintapadressantos.com\/site\/wp-content\/uploads\/2019\/05\/EventosQuintaPadresSantos_15-1.jpg\" data-caption-desc=\"EventosQuintaPadresSantos_15\" data-attachment-id=\"7825\" data-type=\"image\" class=\"fg-thumb\"><span class=\"fg-image-wrap\"><img decoding=\"async\" width=\"100\" height=\"66\" class=\"skip-lazy fg-image\" data-src-fg=\"https:\/\/www.quintapadressantos.com\/site\/wp-content\/uploads\/2019\/05\/EventosQuintaPadresSantos_15-1-300x199.jpg\" data-srcset-fg=\"https:\/\/www.quintapadressantos.com\/site\/wp-content\/uploads\/2019\/05\/EventosQuintaPadresSantos_15-1-768x509.jpg 4x\" src=\"data:image\/svg+xml,%3Csvg%20xmlns%3D%22http%3A%2F%2Fwww.w3.org%2F2000%2Fsvg%22%20width%3D%22100%22%20height%3D%2266%22%20viewBox%3D%220%200%20100%2066%22%3E%3C%2Fsvg%3E\" loading=\"eager\"><\/span><span class=\"fg-image-overlay\"><\/span><\/a><figcaption class=\"fg-caption\"><div class=\"fg-caption-inner\"><div class=\"fg-caption-desc\">EventosQuintaPadresSantos_15<\/div><\/div><\/figcaption><\/figure><div class=\"fg-loader\"><\/div><\/div><div class=\"fg-item fg-type-image fg-idle\"><figure class=\"fg-item-inner\"><a href=\"https:\/\/www.quintapadressantos.com\/site\/wp-content\/uploads\/2019\/05\/EventosQuintaPadresSantos_16-1.jpg\" data-caption-desc=\"EventosQuintaPadresSantos_16\" data-attachment-id=\"7826\" data-type=\"image\" class=\"fg-thumb\"><span class=\"fg-image-wrap\"><img decoding=\"async\" width=\"100\" height=\"66\" class=\"skip-lazy fg-image\" data-src-fg=\"https:\/\/www.quintapadressantos.com\/site\/wp-content\/uploads\/2019\/05\/EventosQuintaPadresSantos_16-1-300x199.jpg\" data-srcset-fg=\"https:\/\/www.quintapadressantos.com\/site\/wp-content\/uploads\/2019\/05\/EventosQuintaPadresSantos_16-1-768x509.jpg 4x\" src=\"data:image\/svg+xml,%3Csvg%20xmlns%3D%22http%3A%2F%2Fwww.w3.org%2F2000%2Fsvg%22%20width%3D%22100%22%20height%3D%2266%22%20viewBox%3D%220%200%20100%2066%22%3E%3C%2Fsvg%3E\" loading=\"eager\"><\/span><span class=\"fg-image-overlay\"><\/span><\/a><figcaption class=\"fg-caption\"><div class=\"fg-caption-inner\"><div class=\"fg-caption-desc\">EventosQuintaPadresSantos_16<\/div><\/div><\/figcaption><\/figure><div class=\"fg-loader\"><\/div><\/div><div class=\"fg-item fg-type-image fg-idle\"><figure class=\"fg-item-inner\"><a href=\"https:\/\/www.quintapadressantos.com\/site\/wp-content\/uploads\/2019\/05\/EventosQuintaPadresSantos_17-1.jpg\" data-caption-desc=\"EventosQuintaPadresSantos_17\" data-attachment-id=\"7827\" data-type=\"image\" class=\"fg-thumb\"><span class=\"fg-image-wrap\"><img decoding=\"async\" width=\"100\" height=\"66\" class=\"skip-lazy fg-image\" data-src-fg=\"https:\/\/www.quintapadressantos.com\/site\/wp-content\/uploads\/2019\/05\/EventosQuintaPadresSantos_17-1-300x199.jpg\" data-srcset-fg=\"https:\/\/www.quintapadressantos.com\/site\/wp-content\/uploads\/2019\/05\/EventosQuintaPadresSantos_17-1-768x509.jpg 4x\" src=\"data:image\/svg+xml,%3Csvg%20xmlns%3D%22http%3A%2F%2Fwww.w3.org%2F2000%2Fsvg%22%20width%3D%22100%22%20height%3D%2266%22%20viewBox%3D%220%200%20100%2066%22%3E%3C%2Fsvg%3E\" loading=\"eager\"><\/span><span class=\"fg-image-overlay\"><\/span><\/a><figcaption class=\"fg-caption\"><div class=\"fg-caption-inner\"><div class=\"fg-caption-desc\">EventosQuintaPadresSantos_17<\/div><\/div><\/figcaption><\/figure><div class=\"fg-loader\"><\/div><\/div><\/div>\t\t<\/div>\n\t\t\t\t<\/div>\n\t\t\t\t\t\t<\/div>\n\t\t\t\t\t<\/div>\n\t\t<\/div>\n\t\t\t\t\t\t\t\t<\/div>\n\t\t\t\t\t<\/div>\n\t\t<\/section>\n\t\t\t\t\t\t\t\t\t<\/div>\n\t\t\t<\/div>\n\t\t\t\t\t<\/div>\n\t\t","protected":false},"excerpt":{"rendered":"<p>Os seus momentos especiais...<\/p>\n<p>\nMomentos especiais merecem um local inesquec\u00edvel.Na Quinta dos Padres Santos encontrar\u00e1 um espa\u00e7o aconchegante <\/p>\n","protected":false},"author":1,"featured_media":0,"parent":4356,"menu_order":0,"comment_status":"closed","ping_status":"closed","template":"page-templates\/homepage.php","meta":{"inline_featured_image":false,"footnotes":""},"_links":{"self":[{"href":"https:\/\/www.quintapadressantos.com\/site\/wp-json\/wp\/v2\/pages\/8720"}],"collection":[{"href":"https:\/\/www.quintapadressantos.com\/site\/wp-json\/wp\/v2\/pages"}],"about":[{"href":"https:\/\/www.quintapadressantos.com\/site\/wp-json\/wp\/v2\/types\/page"}],"author":[{"embeddable":true,"href":"https:\/\/www.quintapadressantos.com\/site\/wp-json\/wp\/v2\/users\/1"}],"replies":[{"embeddable":true,"href":"https:\/\/www.quintapadressantos.com\/site\/wp-json\/wp\/v2\/comments?post=8720"}],"version-history":[{"count":18,"href":"https:\/\/www.quintapadressantos.com\/site\/wp-json\/wp\/v2\/pages\/8720\/revisions"}],"predecessor-version":[{"id":10371,"href":"https:\/\/www.quintapadressantos.com\/site\/wp-json\/wp\/v2\/pages\/8720\/revisions\/10371"}],"up":[{"embeddable":true,"href":"https:\/\/www.quintapadressantos.com\/site\/wp-json\/wp\/v2\/pages\/4356"}],"wp:attachment":[{"href":"https:\/\/www.quintapadressantos.com\/site\/wp-json\/wp\/v2\/media?parent=8720"}],"curies":[{"name":"wp","href":"https:\/\/api.w.org\/{rel}","templated":true}]}}