{"id":8578,"date":"2020-02-19T10:33:02","date_gmt":"2020-02-19T10:33:02","guid":{"rendered":"http:\/\/www.quintapadressantos.com\/site\/?page_id=8578"},"modified":"2020-04-27T10:41:13","modified_gmt":"2020-04-27T10:41:13","slug":"villas","status":"publish","type":"page","link":"https:\/\/www.quintapadressantos.com\/site\/servicos\/quartos\/villas\/","title":{"rendered":"Villas"},"content":{"rendered":"\t\t<div data-elementor-type=\"wp-page\" data-elementor-id=\"8578\" class=\"elementor elementor-8578\">\n\t\t\t\t\t\t<div class=\"elementor-inner\">\n\t\t\t\t<div class=\"elementor-section-wrap\">\n\t\t\t\t\t\t\t\t\t<section class=\"elementor-section elementor-top-section elementor-element elementor-element-16d668d elementor-section-stretched elementor-section-full_width elementor-section-height-default elementor-section-height-default\" data-id=\"16d668d\" data-element_type=\"section\" data-settings=\"{&quot;stretch_section&quot;:&quot;section-stretched&quot;,&quot;background_background&quot;:&quot;classic&quot;}\">\n\t\t\t\t\t\t\t<div class=\"elementor-background-overlay\"><\/div>\n\t\t\t\t\t\t\t<div class=\"elementor-container elementor-column-gap-no\">\n\t\t\t\t\t\t\t<div class=\"elementor-row\">\n\t\t\t\t\t<div class=\"elementor-column elementor-col-100 elementor-top-column elementor-element elementor-element-6eafd3e\" data-id=\"6eafd3e\" data-element_type=\"column\">\n\t\t\t<div class=\"elementor-column-wrap\">\n\t\t\t\t\t\t\t<div class=\"elementor-widget-wrap\">\n\t\t\t\t\t\t\t\t<\/div>\n\t\t\t\t\t<\/div>\n\t\t<\/div>\n\t\t\t\t\t\t\t\t<\/div>\n\t\t\t\t\t<\/div>\n\t\t<\/section>\n\t\t\t\t<section class=\"elementor-section elementor-top-section elementor-element elementor-element-69d5b32 elementor-section-stretched elementor-section-boxed elementor-section-height-default elementor-section-height-default\" data-id=\"69d5b32\" data-element_type=\"section\" data-settings=\"{&quot;stretch_section&quot;:&quot;section-stretched&quot;}\">\n\t\t\t\t\t\t<div class=\"elementor-container elementor-column-gap-default\">\n\t\t\t\t\t\t\t<div class=\"elementor-row\">\n\t\t\t\t\t<div class=\"elementor-column elementor-col-100 elementor-top-column elementor-element elementor-element-f861156\" data-id=\"f861156\" data-element_type=\"column\">\n\t\t\t<div class=\"elementor-column-wrap elementor-element-populated\">\n\t\t\t\t\t\t\t<div class=\"elementor-widget-wrap\">\n\t\t\t\t\t\t<div class=\"elementor-element elementor-element-bdb46fe elementor-widget elementor-widget-heading\" data-id=\"bdb46fe\" data-element_type=\"widget\" data-widget_type=\"heading.default\">\n\t\t\t\t<div class=\"elementor-widget-container\">\n\t\t\t<h3 class=\"elementor-heading-title elementor-size-default\">Villas \u2013 Trevo da Sorte e Malmequer\n<\/h3>\t\t<\/div>\n\t\t\t\t<\/div>\n\t\t\t\t<div class=\"elementor-element elementor-element-48e279e elementor-widget-divider--view-line elementor-widget elementor-widget-divider\" data-id=\"48e279e\" data-element_type=\"widget\" data-widget_type=\"divider.default\">\n\t\t\t\t<div class=\"elementor-widget-container\">\n\t\t\t\t\t<div class=\"elementor-divider\">\n\t\t\t<span class=\"elementor-divider-separator\">\n\t\t\t\t\t\t<\/span>\n\t\t<\/div>\n\t\t\t\t<\/div>\n\t\t\t\t<\/div>\n\t\t\t\t<div class=\"elementor-element elementor-element-8642ca1 elementor-widget elementor-widget-text-editor\" data-id=\"8642ca1\" data-element_type=\"widget\" data-widget_type=\"text-editor.default\">\n\t\t\t\t<div class=\"elementor-widget-container\">\n\t\t\t\t\t\t\t\t<div class=\"elementor-text-editor elementor-clearfix\">\n\t\t\t\t<p><strong>Cama: 1 <\/strong><br \/><strong>Sof\u00e1 Cama: 1 <\/strong><br \/><strong>N\u00famero m\u00e1ximo de Adultos: 2 <\/strong><br \/><strong>N\u00famero m\u00e1ximo de crian\u00e7as: 2<\/strong><br \/><strong>Casa de Banho Privativa <\/strong><br \/><strong>\u00c1rea: 64 m\u00b2<\/strong><\/p>\t\t\t\t\t<\/div>\n\t\t\t\t\t\t<\/div>\n\t\t\t\t<\/div>\n\t\t\t\t\t\t<\/div>\n\t\t\t\t\t<\/div>\n\t\t<\/div>\n\t\t\t\t<div class=\"elementor-column elementor-col-50 elementor-top-column elementor-element elementor-element-1adcdde\" data-id=\"1adcdde\" data-element_type=\"column\">\n\t\t\t<div class=\"elementor-column-wrap\">\n\t\t\t\t\t\t\t<div class=\"elementor-widget-wrap\">\n\t\t\t\t\t\t\t\t<\/div>\n\t\t\t\t\t<\/div>\n\t\t<\/div>\n\t\t\t\t\t\t\t\t<\/div>\n\t\t\t\t\t<\/div>\n\t\t<\/section>\n\t\t\t\t<section class=\"elementor-section elementor-top-section elementor-element elementor-element-36d489e elementor-section-stretched elementor-section-boxed elementor-section-height-default elementor-section-height-default\" data-id=\"36d489e\" data-element_type=\"section\" data-settings=\"{&quot;stretch_section&quot;:&quot;section-stretched&quot;}\">\n\t\t\t\t\t\t<div class=\"elementor-container elementor-column-gap-default\">\n\t\t\t\t\t\t\t<div class=\"elementor-row\">\n\t\t\t\t\t<div class=\"elementor-column elementor-col-50 elementor-top-column elementor-element elementor-element-1b1e272\" data-id=\"1b1e272\" data-element_type=\"column\">\n\t\t\t<div class=\"elementor-column-wrap elementor-element-populated\">\n\t\t\t\t\t\t\t<div class=\"elementor-widget-wrap\">\n\t\t\t\t\t\t<div class=\"elementor-element elementor-element-4c22e22 elementor-widget-divider--view-line elementor-widget elementor-widget-divider\" data-id=\"4c22e22\" data-element_type=\"widget\" data-widget_type=\"divider.default\">\n\t\t\t\t<div class=\"elementor-widget-container\">\n\t\t\t\t\t<div class=\"elementor-divider\">\n\t\t\t<span class=\"elementor-divider-separator\">\n\t\t\t\t\t\t<\/span>\n\t\t<\/div>\n\t\t\t\t<\/div>\n\t\t\t\t<\/div>\n\t\t\t\t<div class=\"elementor-element elementor-element-4315311 elementor-widget elementor-widget-text-editor\" data-id=\"4315311\" data-element_type=\"widget\" data-widget_type=\"text-editor.default\">\n\t\t\t\t<div class=\"elementor-widget-container\">\n\t\t\t\t\t\t\t\t<div class=\"elementor-text-editor elementor-clearfix\">\n\t\t\t\t<p>As Villas Trevo da Sorte e Malmequer s\u00e3o o ref\u00fagio perfeito para casais, para fam\u00edlias ou para amigos que procuram uma pausa tranquila longe do bul\u00edcio das cidades.<\/p><p>T\u00eam como cen\u00e1rio perfeito as vistas desafogadas para os montes e vales de natureza virgem e \u00e9 o ponto de partida ideal rumo \u00e0 aventura do que de melhor temos para lhe oferecer.<\/p><p>A Villa Trevo da Sorte disp\u00f5e de um quarto individual, com cama dupla e a Villa Malmequer de um quarto individual, com cama de casal Queen size.<\/p><p>Ambas admitem 2 adultos e nas salas de estar t\u00eam um sof\u00e1 Convers\u00edvel em cama dupla para 2 crian\u00e7as. Villas climatizadas com pisos radiantes (a sua efic\u00e1cia de acordo com a prefer\u00eancia de cada pessoa pode n\u00e3o ser imediata, mas \u00e9 ecol\u00f3gico e sem d\u00favida saud\u00e1vel, pois pensamos primeiro em si).<\/p>\t\t\t\t\t<\/div>\n\t\t\t\t\t\t<\/div>\n\t\t\t\t<\/div>\n\t\t\t\t\t\t<\/div>\n\t\t\t\t\t<\/div>\n\t\t<\/div>\n\t\t\t\t<div class=\"elementor-column elementor-col-50 elementor-top-column elementor-element elementor-element-bb517c5\" data-id=\"bb517c5\" data-element_type=\"column\">\n\t\t\t<div class=\"elementor-column-wrap elementor-element-populated\">\n\t\t\t\t\t\t\t<div class=\"elementor-widget-wrap\">\n\t\t\t\t\t\t<div class=\"elementor-element elementor-element-aba41e2 elementor-widget elementor-widget-text-editor\" data-id=\"aba41e2\" data-element_type=\"widget\" data-widget_type=\"text-editor.default\">\n\t\t\t\t<div class=\"elementor-widget-container\">\n\t\t\t\t\t\t\t\t<div class=\"elementor-text-editor elementor-clearfix\">\n\t\t\t\t<div class=\"thim-list-in-room\"><h5>Condi\u00e7\u00f5es:<\/h5><p><i class=\"thim-color fa fa-check-circle\">\u00a0<\/i>TV FlatScreen HDTV<br \/><i class=\"thim-color fa fa-check-circle\">\u00a0<\/i>Internet Wifi livre<br \/><i class=\"thim-color fa fa-check-circle\">\u00a0<\/i>Roup\u00e3o de banho\/spa<br \/><i class=\"thim-color fa fa-check-circle\">\u00a0<\/i>Acess\u00f3rios de banho<br \/><i class=\"thim-color fa fa-check-circle\">\u00a0<\/i>WC privado c\/ chuveiro<br \/><i class=\"thim-color fa fa-check-circle\">\u00a0<\/i>Kitchenet com frigobar<br \/><i class=\"thim-color fa fa-check-circle\">\u00a0<\/i>Sala de estar com lareira<br \/><i class=\"thim-color fa fa-check-circle\">\u00a0<\/i>P\u00e1tio<\/p><\/div><p><!-- \/wp:html --><\/p>\t\t\t\t\t<\/div>\n\t\t\t\t\t\t<\/div>\n\t\t\t\t<\/div>\n\t\t\t\t\t\t<\/div>\n\t\t\t\t\t<\/div>\n\t\t<\/div>\n\t\t\t\t\t\t\t\t<\/div>\n\t\t\t\t\t<\/div>\n\t\t<\/section>\n\t\t\t\t<section class=\"elementor-section elementor-top-section elementor-element elementor-element-c4fd095 elementor-section-stretched elementor-section-boxed elementor-section-height-default elementor-section-height-default\" data-id=\"c4fd095\" data-element_type=\"section\" data-settings=\"{&quot;stretch_section&quot;:&quot;section-stretched&quot;}\">\n\t\t\t\t\t\t<div class=\"elementor-container elementor-column-gap-default\">\n\t\t\t\t\t\t\t<div class=\"elementor-row\">\n\t\t\t\t\t<div class=\"elementor-column elementor-col-100 elementor-top-column elementor-element elementor-element-5249fac\" data-id=\"5249fac\" data-element_type=\"column\">\n\t\t\t<div class=\"elementor-column-wrap elementor-element-populated\">\n\t\t\t\t\t\t\t<div class=\"elementor-widget-wrap\">\n\t\t\t\t\t\t<div class=\"elementor-element elementor-element-e214c0f elementor-widget elementor-widget-foogallery\" data-id=\"e214c0f\" data-element_type=\"widget\" data-widget_type=\"foogallery.default\">\n\t\t\t\t<div class=\"elementor-widget-container\">\n\t\t\t<div class=\"foogallery foogallery-container foogallery-masonry foogallery-lightbox-foobox fg-center fg-masonry fg-light fg-loading-pulse fg-loaded-fade-in fg-hover-scale fg-hover-fade fg-ready fg-col4\" id=\"foogallery-gallery-8870\" data-foogallery=\"{&quot;item&quot;:{&quot;showCaptionTitle&quot;:true,&quot;showCaptionDescription&quot;:true},&quot;lazy&quot;:true}\" >\r\n\t\t<div class=\"fg-column-width\"><\/div>\r\n\t<div class=\"fg-gutter-width\"><\/div>\r\n\t\t<div class=\"fg-item fg-type-image fg-idle\"><figure class=\"fg-item-inner\"><a href=\"https:\/\/www.quintapadressantos.com\/site\/wp-content\/uploads\/2020\/03\/QuintaPadresSantos_0.jpg\" data-caption-title=\"Trevo da Sorte\" data-caption-desc=\"Trevo da Sorte\" data-attachment-id=\"8757\" data-type=\"image\" class=\"fg-thumb\"><span class=\"fg-image-wrap\"><img fetchpriority=\"high\" decoding=\"async\" alt=\"Trevo da Sorte\" title=\"Trevo da Sorte\" width=\"300\" height=\"199\" class=\"skip-lazy fg-image\" data-src-fg=\"https:\/\/www.quintapadressantos.com\/site\/wp-content\/uploads\/2020\/03\/QuintaPadresSantos_0-300x199.jpg\" src=\"data:image\/svg+xml,%3Csvg%20xmlns%3D%22http%3A%2F%2Fwww.w3.org%2F2000%2Fsvg%22%20width%3D%22300%22%20height%3D%22199%22%20viewBox%3D%220%200%20300%20199%22%3E%3C%2Fsvg%3E\" loading=\"eager\"><\/span><span class=\"fg-image-overlay\"><\/span><\/a><figcaption class=\"fg-caption\"><div class=\"fg-caption-inner\"><div class=\"fg-caption-title\">Trevo da Sorte<\/div><div class=\"fg-caption-desc\">Trevo da Sorte<\/div><\/div><\/figcaption><\/figure><div class=\"fg-loader\"><\/div><\/div><div class=\"fg-item fg-type-image fg-idle\"><figure class=\"fg-item-inner\"><a href=\"https:\/\/www.quintapadressantos.com\/site\/wp-content\/uploads\/2020\/03\/QuintaPadresSantos_1.jpg\" data-caption-title=\"Trevo da Sorte\" data-caption-desc=\"Trevo da Sorte\" data-attachment-id=\"8758\" data-type=\"image\" class=\"fg-thumb\"><span class=\"fg-image-wrap\"><img decoding=\"async\" alt=\"Trevo da Sorte\" title=\"Trevo da Sorte\" width=\"300\" height=\"199\" class=\"skip-lazy fg-image\" data-src-fg=\"https:\/\/www.quintapadressantos.com\/site\/wp-content\/uploads\/2020\/03\/QuintaPadresSantos_1-300x199.jpg\" src=\"data:image\/svg+xml,%3Csvg%20xmlns%3D%22http%3A%2F%2Fwww.w3.org%2F2000%2Fsvg%22%20width%3D%22300%22%20height%3D%22199%22%20viewBox%3D%220%200%20300%20199%22%3E%3C%2Fsvg%3E\" loading=\"eager\"><\/span><span class=\"fg-image-overlay\"><\/span><\/a><figcaption class=\"fg-caption\"><div class=\"fg-caption-inner\"><div class=\"fg-caption-title\">Trevo da Sorte<\/div><div class=\"fg-caption-desc\">Trevo da Sorte<\/div><\/div><\/figcaption><\/figure><div class=\"fg-loader\"><\/div><\/div><div class=\"fg-item fg-type-image fg-idle\"><figure class=\"fg-item-inner\"><a href=\"https:\/\/www.quintapadressantos.com\/site\/wp-content\/uploads\/2020\/03\/QuintaPadresSantos_3.jpg\" data-caption-title=\"Trevo da Sorte\" data-caption-desc=\"Trevo da Sorte\" data-attachment-id=\"8760\" data-type=\"image\" class=\"fg-thumb\"><span class=\"fg-image-wrap\"><img decoding=\"async\" alt=\"Trevo da Sorte\" title=\"Trevo da Sorte\" width=\"300\" height=\"199\" class=\"skip-lazy fg-image\" data-src-fg=\"https:\/\/www.quintapadressantos.com\/site\/wp-content\/uploads\/2020\/03\/QuintaPadresSantos_3-300x199.jpg\" src=\"data:image\/svg+xml,%3Csvg%20xmlns%3D%22http%3A%2F%2Fwww.w3.org%2F2000%2Fsvg%22%20width%3D%22300%22%20height%3D%22199%22%20viewBox%3D%220%200%20300%20199%22%3E%3C%2Fsvg%3E\" loading=\"eager\"><\/span><span class=\"fg-image-overlay\"><\/span><\/a><figcaption class=\"fg-caption\"><div class=\"fg-caption-inner\"><div class=\"fg-caption-title\">Trevo da Sorte<\/div><div class=\"fg-caption-desc\">Trevo da Sorte<\/div><\/div><\/figcaption><\/figure><div class=\"fg-loader\"><\/div><\/div><div class=\"fg-item fg-type-image fg-idle\"><figure class=\"fg-item-inner\"><a href=\"https:\/\/www.quintapadressantos.com\/site\/wp-content\/uploads\/2020\/03\/QuintaPadresSantos_4.jpg\" data-caption-title=\"Trevo da Sorte\" data-caption-desc=\"Trevo da Sorte\" data-attachment-id=\"8761\" data-type=\"image\" class=\"fg-thumb\"><span class=\"fg-image-wrap\"><img decoding=\"async\" alt=\"Trevo da Sorte\" title=\"Trevo da Sorte\" width=\"300\" height=\"199\" class=\"skip-lazy fg-image\" data-src-fg=\"https:\/\/www.quintapadressantos.com\/site\/wp-content\/uploads\/2020\/03\/QuintaPadresSantos_4-300x199.jpg\" src=\"data:image\/svg+xml,%3Csvg%20xmlns%3D%22http%3A%2F%2Fwww.w3.org%2F2000%2Fsvg%22%20width%3D%22300%22%20height%3D%22199%22%20viewBox%3D%220%200%20300%20199%22%3E%3C%2Fsvg%3E\" loading=\"eager\"><\/span><span class=\"fg-image-overlay\"><\/span><\/a><figcaption class=\"fg-caption\"><div class=\"fg-caption-inner\"><div class=\"fg-caption-title\">Trevo da Sorte<\/div><div class=\"fg-caption-desc\">Trevo da Sorte<\/div><\/div><\/figcaption><\/figure><div class=\"fg-loader\"><\/div><\/div><div class=\"fg-item fg-type-image fg-idle\"><figure class=\"fg-item-inner\"><a href=\"https:\/\/www.quintapadressantos.com\/site\/wp-content\/uploads\/2020\/03\/QuintaPadresSantos_5.jpg\" data-caption-title=\"Trevo da Sorte\" data-caption-desc=\"Trevo da Sorte\" data-attachment-id=\"8762\" data-type=\"image\" class=\"fg-thumb\"><span class=\"fg-image-wrap\"><img decoding=\"async\" alt=\"Trevo da Sorte\" title=\"Trevo da Sorte\" width=\"300\" height=\"199\" class=\"skip-lazy fg-image\" data-src-fg=\"https:\/\/www.quintapadressantos.com\/site\/wp-content\/uploads\/2020\/03\/QuintaPadresSantos_5-300x199.jpg\" src=\"data:image\/svg+xml,%3Csvg%20xmlns%3D%22http%3A%2F%2Fwww.w3.org%2F2000%2Fsvg%22%20width%3D%22300%22%20height%3D%22199%22%20viewBox%3D%220%200%20300%20199%22%3E%3C%2Fsvg%3E\" loading=\"eager\"><\/span><span class=\"fg-image-overlay\"><\/span><\/a><figcaption class=\"fg-caption\"><div class=\"fg-caption-inner\"><div class=\"fg-caption-title\">Trevo da Sorte<\/div><div class=\"fg-caption-desc\">Trevo da Sorte<\/div><\/div><\/figcaption><\/figure><div class=\"fg-loader\"><\/div><\/div><div class=\"fg-item fg-type-image fg-idle\"><figure class=\"fg-item-inner\"><a href=\"https:\/\/www.quintapadressantos.com\/site\/wp-content\/uploads\/2020\/03\/QuintaPadresSantos_26.jpg\" data-caption-title=\"Malmequer\" data-caption-desc=\"Malmequer\" data-attachment-id=\"8783\" data-type=\"image\" class=\"fg-thumb\"><span class=\"fg-image-wrap\"><img decoding=\"async\" alt=\"Malmequer\" title=\"Malmequer\" width=\"300\" height=\"199\" class=\"skip-lazy fg-image\" data-src-fg=\"https:\/\/www.quintapadressantos.com\/site\/wp-content\/uploads\/2020\/03\/QuintaPadresSantos_26-300x199.jpg\" src=\"data:image\/svg+xml,%3Csvg%20xmlns%3D%22http%3A%2F%2Fwww.w3.org%2F2000%2Fsvg%22%20width%3D%22300%22%20height%3D%22199%22%20viewBox%3D%220%200%20300%20199%22%3E%3C%2Fsvg%3E\" loading=\"eager\"><\/span><span class=\"fg-image-overlay\"><\/span><\/a><figcaption class=\"fg-caption\"><div class=\"fg-caption-inner\"><div class=\"fg-caption-title\">Malmequer<\/div><div class=\"fg-caption-desc\">Malmequer<\/div><\/div><\/figcaption><\/figure><div class=\"fg-loader\"><\/div><\/div><div class=\"fg-item fg-type-image fg-idle\"><figure class=\"fg-item-inner\"><a href=\"https:\/\/www.quintapadressantos.com\/site\/wp-content\/uploads\/2020\/03\/QuintaPadresSantos_25.jpg\" data-caption-title=\"Malmequer\" data-caption-desc=\"Malmequer\" data-attachment-id=\"8782\" data-type=\"image\" class=\"fg-thumb\"><span class=\"fg-image-wrap\"><img decoding=\"async\" alt=\"Malmequer\" title=\"Malmequer\" width=\"300\" height=\"199\" class=\"skip-lazy fg-image\" data-src-fg=\"https:\/\/www.quintapadressantos.com\/site\/wp-content\/uploads\/2020\/03\/QuintaPadresSantos_25-300x199.jpg\" src=\"data:image\/svg+xml,%3Csvg%20xmlns%3D%22http%3A%2F%2Fwww.w3.org%2F2000%2Fsvg%22%20width%3D%22300%22%20height%3D%22199%22%20viewBox%3D%220%200%20300%20199%22%3E%3C%2Fsvg%3E\" loading=\"eager\"><\/span><span class=\"fg-image-overlay\"><\/span><\/a><figcaption class=\"fg-caption\"><div class=\"fg-caption-inner\"><div class=\"fg-caption-title\">Malmequer<\/div><div class=\"fg-caption-desc\">Malmequer<\/div><\/div><\/figcaption><\/figure><div class=\"fg-loader\"><\/div><\/div><div class=\"fg-item fg-type-image fg-idle\"><figure class=\"fg-item-inner\"><a href=\"https:\/\/www.quintapadressantos.com\/site\/wp-content\/uploads\/2020\/03\/QuintaPadresSantos_24.jpg\" data-caption-title=\"Malmequer\" data-caption-desc=\"Malmequer\" data-attachment-id=\"8781\" data-type=\"image\" class=\"fg-thumb\"><span class=\"fg-image-wrap\"><img decoding=\"async\" alt=\"Malmequer\" title=\"Malmequer\" width=\"300\" height=\"199\" class=\"skip-lazy fg-image\" data-src-fg=\"https:\/\/www.quintapadressantos.com\/site\/wp-content\/uploads\/2020\/03\/QuintaPadresSantos_24-300x199.jpg\" src=\"data:image\/svg+xml,%3Csvg%20xmlns%3D%22http%3A%2F%2Fwww.w3.org%2F2000%2Fsvg%22%20width%3D%22300%22%20height%3D%22199%22%20viewBox%3D%220%200%20300%20199%22%3E%3C%2Fsvg%3E\" loading=\"eager\"><\/span><span class=\"fg-image-overlay\"><\/span><\/a><figcaption class=\"fg-caption\"><div class=\"fg-caption-inner\"><div class=\"fg-caption-title\">Malmequer<\/div><div class=\"fg-caption-desc\">Malmequer<\/div><\/div><\/figcaption><\/figure><div class=\"fg-loader\"><\/div><\/div><div class=\"fg-item fg-type-image fg-idle\"><figure class=\"fg-item-inner\"><a href=\"https:\/\/www.quintapadressantos.com\/site\/wp-content\/uploads\/2020\/03\/QuintaPadresSantos_23.jpg\" data-caption-title=\"Malmequer\" data-caption-desc=\"Malmequer\" data-attachment-id=\"8780\" data-type=\"image\" class=\"fg-thumb\"><span class=\"fg-image-wrap\"><img decoding=\"async\" alt=\"Malmequer\" title=\"Malmequer\" width=\"300\" height=\"199\" class=\"skip-lazy fg-image\" data-src-fg=\"https:\/\/www.quintapadressantos.com\/site\/wp-content\/uploads\/2020\/03\/QuintaPadresSantos_23-300x199.jpg\" src=\"data:image\/svg+xml,%3Csvg%20xmlns%3D%22http%3A%2F%2Fwww.w3.org%2F2000%2Fsvg%22%20width%3D%22300%22%20height%3D%22199%22%20viewBox%3D%220%200%20300%20199%22%3E%3C%2Fsvg%3E\" loading=\"eager\"><\/span><span class=\"fg-image-overlay\"><\/span><\/a><figcaption class=\"fg-caption\"><div class=\"fg-caption-inner\"><div class=\"fg-caption-title\">Malmequer<\/div><div class=\"fg-caption-desc\">Malmequer<\/div><\/div><\/figcaption><\/figure><div class=\"fg-loader\"><\/div><\/div><div class=\"fg-item fg-type-image fg-idle\"><figure class=\"fg-item-inner\"><a href=\"https:\/\/www.quintapadressantos.com\/site\/wp-content\/uploads\/2020\/03\/QuintaPadresSantos_22.jpg\" data-caption-title=\"Malmequer\" data-caption-desc=\"Malmequer\" data-attachment-id=\"8779\" data-type=\"image\" class=\"fg-thumb\"><span class=\"fg-image-wrap\"><img decoding=\"async\" alt=\"Malmequer\" title=\"Malmequer\" width=\"300\" height=\"199\" class=\"skip-lazy fg-image\" data-src-fg=\"https:\/\/www.quintapadressantos.com\/site\/wp-content\/uploads\/2020\/03\/QuintaPadresSantos_22-300x199.jpg\" src=\"data:image\/svg+xml,%3Csvg%20xmlns%3D%22http%3A%2F%2Fwww.w3.org%2F2000%2Fsvg%22%20width%3D%22300%22%20height%3D%22199%22%20viewBox%3D%220%200%20300%20199%22%3E%3C%2Fsvg%3E\" loading=\"eager\"><\/span><span class=\"fg-image-overlay\"><\/span><\/a><figcaption class=\"fg-caption\"><div class=\"fg-caption-inner\"><div class=\"fg-caption-title\">Malmequer<\/div><div class=\"fg-caption-desc\">Malmequer<\/div><\/div><\/figcaption><\/figure><div class=\"fg-loader\"><\/div><\/div><\/div>\t\t<\/div>\n\t\t\t\t<\/div>\n\t\t\t\t\t\t<\/div>\n\t\t\t\t\t<\/div>\n\t\t<\/div>\n\t\t\t\t\t\t\t\t<\/div>\n\t\t\t\t\t<\/div>\n\t\t<\/section>\n\t\t\t\t\t\t\t\t\t<\/div>\n\t\t\t<\/div>\n\t\t\t\t\t<\/div>\n\t\t","protected":false},"excerpt":{"rendered":"<p>Villas \u2013 Trevo da Sorte e Malmequer<\/p>\n<p>Cama: 1 Sof\u00e1 Cama: 1 N\u00famero m\u00e1ximo de Adultos: 2 N\u00famero m\u00e1ximo <\/p>\n","protected":false},"author":1,"featured_media":0,"parent":8397,"menu_order":0,"comment_status":"closed","ping_status":"closed","template":"page-templates\/homepage.php","meta":{"inline_featured_image":false,"footnotes":""},"_links":{"self":[{"href":"https:\/\/www.quintapadressantos.com\/site\/wp-json\/wp\/v2\/pages\/8578"}],"collection":[{"href":"https:\/\/www.quintapadressantos.com\/site\/wp-json\/wp\/v2\/pages"}],"about":[{"href":"https:\/\/www.quintapadressantos.com\/site\/wp-json\/wp\/v2\/types\/page"}],"author":[{"embeddable":true,"href":"https:\/\/www.quintapadressantos.com\/site\/wp-json\/wp\/v2\/users\/1"}],"replies":[{"embeddable":true,"href":"https:\/\/www.quintapadressantos.com\/site\/wp-json\/wp\/v2\/comments?post=8578"}],"version-history":[{"count":12,"href":"https:\/\/www.quintapadressantos.com\/site\/wp-json\/wp\/v2\/pages\/8578\/revisions"}],"predecessor-version":[{"id":8951,"href":"https:\/\/www.quintapadressantos.com\/site\/wp-json\/wp\/v2\/pages\/8578\/revisions\/8951"}],"up":[{"embeddable":true,"href":"https:\/\/www.quintapadressantos.com\/site\/wp-json\/wp\/v2\/pages\/8397"}],"wp:attachment":[{"href":"https:\/\/www.quintapadressantos.com\/site\/wp-json\/wp\/v2\/media?parent=8578"}],"curies":[{"name":"wp","href":"https:\/\/api.w.org\/{rel}","templated":true}]}}