{"id":8283,"date":"2020-02-11T12:20:15","date_gmt":"2020-02-11T12:20:15","guid":{"rendered":"http:\/\/www.quintapadressantos.com\/site\/?page_id=8283"},"modified":"2020-03-17T13:03:52","modified_gmt":"2020-03-17T13:03:52","slug":"politica-de-privacidade-e-dados-pessoais","status":"publish","type":"page","link":"https:\/\/www.quintapadressantos.com\/site\/politica-de-privacidade-e-dados-pessoais\/","title":{"rendered":"Pol\u00edtica de Privacidade e Dados Pessoais\u00a0"},"content":{"rendered":"<div id=\"pl-8283\"  class=\"panel-layout\" ><div id=\"pg-8283-0\"  class=\"panel-grid panel-no-style\" ><div id=\"pgc-8283-0-0\"  class=\"panel-grid-cell\" ><div id=\"panel-8283-0-0-0\" class=\"so-panel widget widget_sow-editor panel-first-child panel-last-child\" data-index=\"0\" ><div\n\t\t\t\n\t\t\tclass=\"so-widget-sow-editor so-widget-sow-editor-base\"\n\t\t\t\n\t\t><h3 class=\"widget-title\">Pol\u00edtica de Privacidade e Dados Pessoais\u00a0<\/h3>\n<div class=\"siteorigin-widget-tinymce textwidget\">\n\t<p><b>Respons\u00e1vel pelo tratamento dos dados<br \/>\n<\/b>A Quinta dos Padres Santos \u00e9 o respons\u00e1vel pelo tratamento dos seus dados\u00a0pessoais. Regemo-nos por c\u00f3digos de conduta e procedimentos institucionalizados\u00a0que garantem a confidencialidade e seguran\u00e7a dos dados tratados. Asseguramos\u00a0assim que estes dados pessoais ser\u00e3o tratados de forma a garantir a sua seguran\u00e7a, nomeadamente\u00a0quanto \u00e0 sua perda, tratamento il\u00edcito, destrui\u00e7\u00e3o ou danifica\u00e7\u00e3o acidental.\u00a0Os dados poder\u00e3o ser partilhados com terceiros no \u00e2mbito das finalidades descritas abaixo, com os\u00a0quais garantimos o mesmo n\u00edvel de seguran\u00e7a e confidencialidade no tratamento dos dados.<\/p>\n<p><b>Finalidades<\/b><br \/>\nProcessamento de reservas: os dados s\u00e3o recolhidos, tratados e retidos para facilitar os processos\u00a0de fatura\u00e7\u00e3o e reserva de quartos e outros servi\u00e7os complementares, para fins hist\u00f3ricos e estat\u00edsticos\u00a0e controle da qualidade de servi\u00e7o. No caso dos cidad\u00e3os de nacionalidade n\u00e3o portuguesa, a\u00a0recolha destes dados constitui uma obriga\u00e7\u00e3o legal de acordo com a Lei n.\u00ba 23\/2007, de 4 de julho,\u00a0comunica\u00e7\u00e3o obrigat\u00f3ria ao Servi\u00e7o de Estrangeiros e Fronteiras, sem os quais n\u00e3o podemos formalizar\u00a0o processo de reserva.<br \/>\nA\u00e7\u00f5es de Marketing: os dados s\u00e3o utilizados para fins de marketing ou divulga\u00e7\u00e3o dos nossos produtos\u00a0e servi\u00e7os aos nossos clientes, atrav\u00e9s de e-mail, SMS ou chamada telef\u00f3nica. Podem existir decis\u00f5es\u00a0automatizadas, como a defini\u00e7\u00e3o de perfis, de forma a melhor adequar a informa\u00e7\u00e3o prestada\u00a0\u00e0s necessidades dos nossos clientes.<\/p>\n<p><b>Direitos<\/b><br \/>\nPode exercer a qualquer momento o direito de acesso, de retifica\u00e7\u00e3o, de apagamento, de limita\u00e7\u00e3o do\u00a0tratamento, de oposi\u00e7\u00e3o e de portabilidade, dos seus dados pessoais. Para o efeito, poder\u00e1 direcionar\u00a0o seu pedido para o email info@quintapadressantos.com ou por carta para Quinta dos Padres Santos, Lugar dos Cubos, Eira Queimada, 3610-030 Gouvi\u00e3es, Tarouca.\u00a0A retirada posterior de consentimento n\u00e3o compromete a legalidade do tratamento realizado at\u00e9 \u00e0 data da mesma. O titular dos dados pode apresentar reclama\u00e7\u00e3o \u00e0 autoridade de controlo \u2013 a Comiss\u00e3o Nacional de<br \/>\nProtec\u00e7\u00e3o de Dados.\u00a0Ap\u00f3s consentimento dado para tratamento dos seus dados pessoais, a Quinta dos Padres Santos ir\u00e1 manter os dados pessoais at\u00e9 termino das finalidades a que estes se destinam.\u00a0Tendo em considera\u00e7\u00e3o a possibilidade de realiza\u00e7\u00e3o de reservas futuras, os dados ser\u00e3o mantidos\u00a0at\u00e9 solicita\u00e7\u00e3o de apagamento conforme supra descrito.<\/p>\n<\/div>\n<\/div><\/div><\/div><\/div><\/div>","protected":false},"excerpt":{"rendered":"<p>Respons\u00e1vel pelo tratamento dos dados A Quinta dos Padres Santos \u00e9 o respons\u00e1vel pelo tratamento dos seus dados\u00a0pessoais. Regemo-nos por [&hellip;]<\/p>\n","protected":false},"author":1,"featured_media":0,"parent":0,"menu_order":0,"comment_status":"closed","ping_status":"closed","template":"","meta":{"inline_featured_image":false,"footnotes":""},"_links":{"self":[{"href":"https:\/\/www.quintapadressantos.com\/site\/wp-json\/wp\/v2\/pages\/8283"}],"collection":[{"href":"https:\/\/www.quintapadressantos.com\/site\/wp-json\/wp\/v2\/pages"}],"about":[{"href":"https:\/\/www.quintapadressantos.com\/site\/wp-json\/wp\/v2\/types\/page"}],"author":[{"embeddable":true,"href":"https:\/\/www.quintapadressantos.com\/site\/wp-json\/wp\/v2\/users\/1"}],"replies":[{"embeddable":true,"href":"https:\/\/www.quintapadressantos.com\/site\/wp-json\/wp\/v2\/comments?post=8283"}],"version-history":[{"count":1,"href":"https:\/\/www.quintapadressantos.com\/site\/wp-json\/wp\/v2\/pages\/8283\/revisions"}],"predecessor-version":[{"id":8284,"href":"https:\/\/www.quintapadressantos.com\/site\/wp-json\/wp\/v2\/pages\/8283\/revisions\/8284"}],"wp:attachment":[{"href":"https:\/\/www.quintapadressantos.com\/site\/wp-json\/wp\/v2\/media?parent=8283"}],"curies":[{"name":"wp","href":"https:\/\/api.w.org\/{rel}","templated":true}]}}