{"id":8179,"date":"2020-01-27T15:43:12","date_gmt":"2020-01-27T15:43:12","guid":{"rendered":"http:\/\/www.quintapadressantos.com\/site\/?page_id=8179"},"modified":"2020-03-19T11:58:13","modified_gmt":"2020-03-19T11:58:13","slug":"quarto-duplo","status":"publish","type":"page","link":"https:\/\/www.quintapadressantos.com\/site\/servicos\/quartos\/quarto-duplo\/","title":{"rendered":"Quarto Duplo"},"content":{"rendered":"\t\t<div data-elementor-type=\"wp-page\" data-elementor-id=\"8179\" class=\"elementor elementor-8179\">\n\t\t\t\t\t\t<div class=\"elementor-inner\">\n\t\t\t\t<div class=\"elementor-section-wrap\">\n\t\t\t\t\t\t\t\t\t<section class=\"elementor-section elementor-top-section elementor-element elementor-element-2e667dc elementor-section-stretched elementor-section-full_width elementor-section-height-default elementor-section-height-default\" data-id=\"2e667dc\" data-element_type=\"section\" data-settings=\"{&quot;stretch_section&quot;:&quot;section-stretched&quot;,&quot;background_background&quot;:&quot;classic&quot;}\">\n\t\t\t\t\t\t\t<div class=\"elementor-background-overlay\"><\/div>\n\t\t\t\t\t\t\t<div class=\"elementor-container elementor-column-gap-no\">\n\t\t\t\t\t\t\t<div class=\"elementor-row\">\n\t\t\t\t\t<div class=\"elementor-column elementor-col-100 elementor-top-column elementor-element elementor-element-6ba8665\" data-id=\"6ba8665\" data-element_type=\"column\">\n\t\t\t<div class=\"elementor-column-wrap\">\n\t\t\t\t\t\t\t<div class=\"elementor-widget-wrap\">\n\t\t\t\t\t\t\t\t<\/div>\n\t\t\t\t\t<\/div>\n\t\t<\/div>\n\t\t\t\t\t\t\t\t<\/div>\n\t\t\t\t\t<\/div>\n\t\t<\/section>\n\t\t\t\t<section class=\"elementor-section elementor-top-section elementor-element elementor-element-c2c3c4f elementor-section-boxed elementor-section-height-default elementor-section-height-default\" data-id=\"c2c3c4f\" data-element_type=\"section\">\n\t\t\t\t\t\t<div class=\"elementor-container elementor-column-gap-default\">\n\t\t\t\t\t\t\t<div class=\"elementor-row\">\n\t\t\t\t\t<div class=\"elementor-column elementor-col-100 elementor-top-column elementor-element elementor-element-985368a\" data-id=\"985368a\" data-element_type=\"column\">\n\t\t\t<div class=\"elementor-column-wrap elementor-element-populated\">\n\t\t\t\t\t\t\t<div class=\"elementor-widget-wrap\">\n\t\t\t\t\t\t<div class=\"elementor-element elementor-element-bdb46fe elementor-widget elementor-widget-heading\" data-id=\"bdb46fe\" data-element_type=\"widget\" data-widget_type=\"heading.default\">\n\t\t\t\t<div class=\"elementor-widget-container\">\n\t\t\t<h3 class=\"elementor-heading-title elementor-size-default\">Quartos Duplos \u2013 Cereja, Ameixa e Ma\u00e7\u00e3\n<\/h3>\t\t<\/div>\n\t\t\t\t<\/div>\n\t\t\t\t<div class=\"elementor-element elementor-element-48e279e elementor-widget-divider--view-line elementor-widget elementor-widget-divider\" data-id=\"48e279e\" data-element_type=\"widget\" data-widget_type=\"divider.default\">\n\t\t\t\t<div class=\"elementor-widget-container\">\n\t\t\t\t\t<div class=\"elementor-divider\">\n\t\t\t<span class=\"elementor-divider-separator\">\n\t\t\t\t\t\t<\/span>\n\t\t<\/div>\n\t\t\t\t<\/div>\n\t\t\t\t<\/div>\n\t\t\t\t<div class=\"elementor-element elementor-element-8642ca1 elementor-widget elementor-widget-text-editor\" data-id=\"8642ca1\" data-element_type=\"widget\" data-widget_type=\"text-editor.default\">\n\t\t\t\t<div class=\"elementor-widget-container\">\n\t\t\t\t\t\t\t\t<div class=\"elementor-text-editor elementor-clearfix\">\n\t\t\t\t<p><strong>Camas: 1 <\/strong><br \/><strong>N\u00famero m\u00e1ximo de Adultos: 2 <\/strong><br \/><strong>N\u00famero m\u00e1ximo de crian\u00e7as: 1 <\/strong><br \/><strong>Casa de Banho Privativa <\/strong><br \/><strong>\u00c1rea: 18 m\u00b2<\/strong><\/p>\t\t\t\t\t<\/div>\n\t\t\t\t\t\t<\/div>\n\t\t\t\t<\/div>\n\t\t\t\t\t\t<\/div>\n\t\t\t\t\t<\/div>\n\t\t<\/div>\n\t\t\t\t\t\t\t\t<\/div>\n\t\t\t\t\t<\/div>\n\t\t<\/section>\n\t\t\t\t<section class=\"elementor-section elementor-top-section elementor-element elementor-element-69d5b32 elementor-section-stretched elementor-section-boxed elementor-section-height-default elementor-section-height-default\" data-id=\"69d5b32\" data-element_type=\"section\" data-settings=\"{&quot;stretch_section&quot;:&quot;section-stretched&quot;}\">\n\t\t\t\t\t\t<div class=\"elementor-container elementor-column-gap-default\">\n\t\t\t\t\t\t\t<div class=\"elementor-row\">\n\t\t\t\t\t<div class=\"elementor-column elementor-col-50 elementor-top-column elementor-element elementor-element-f861156\" data-id=\"f861156\" data-element_type=\"column\">\n\t\t\t<div class=\"elementor-column-wrap elementor-element-populated\">\n\t\t\t\t\t\t\t<div class=\"elementor-widget-wrap\">\n\t\t\t\t\t\t<div class=\"elementor-element elementor-element-2fb57b2 elementor-widget-divider--view-line elementor-widget elementor-widget-divider\" data-id=\"2fb57b2\" data-element_type=\"widget\" data-widget_type=\"divider.default\">\n\t\t\t\t<div class=\"elementor-widget-container\">\n\t\t\t\t\t<div class=\"elementor-divider\">\n\t\t\t<span class=\"elementor-divider-separator\">\n\t\t\t\t\t\t<\/span>\n\t\t<\/div>\n\t\t\t\t<\/div>\n\t\t\t\t<\/div>\n\t\t\t\t<div class=\"elementor-element elementor-element-9e44a92 elementor-widget elementor-widget-text-editor\" data-id=\"9e44a92\" data-element_type=\"widget\" data-widget_type=\"text-editor.default\">\n\t\t\t\t<div class=\"elementor-widget-container\">\n\t\t\t\t\t\t\t\t<div class=\"elementor-text-editor elementor-clearfix\">\n\t\t\t\t<p>Estes quartos encontram-se localizados na Casa Principal da Quinta.<\/p>\n<p>Decorados com tons quentes e harmoniosos, tons dos frutos que lhe d\u00e3o nome, s\u00e3o a porta de entrada para uma mistura de sensa\u00e7\u00f5es \u00fanicas e \u00edmpares. Da janela pode ainda admirar a magn\u00edfica paisagem...o riacho que atravessa toda a quinta bem como o vale de planta\u00e7\u00f5es que a circunda.<\/p>\n<p>Deixe-se contagiar pela paleta de cores singulares e pelos cheiros que dela emanam!<\/p>\t\t\t\t\t<\/div>\n\t\t\t\t\t\t<\/div>\n\t\t\t\t<\/div>\n\t\t\t\t<div class=\"elementor-element elementor-element-0376a60 elementor-widget elementor-widget-text-editor\" data-id=\"0376a60\" data-element_type=\"widget\" data-widget_type=\"text-editor.default\">\n\t\t\t\t<div class=\"elementor-widget-container\">\n\t\t\t\t\t\t\t\t<div class=\"elementor-text-editor elementor-clearfix\">\n\t\t\t\t<p><em>Com cama de casal, admite 2 adultos e uma crian\u00e7a em cama extra.<\/em><br \/><em>Cama Queen size, quarto climatizado com piso radiante (a sua efic\u00e1cia de acordo com a prefer\u00eancia de cada pessoa pode n\u00e3o ser imediata, mas \u00e9 ecol\u00f3gico e sem d\u00favida saud\u00e1vel, pois pensamos primeiro em si)<\/em><\/p>\t\t\t\t\t<\/div>\n\t\t\t\t\t\t<\/div>\n\t\t\t\t<\/div>\n\t\t\t\t\t\t<\/div>\n\t\t\t\t\t<\/div>\n\t\t<\/div>\n\t\t\t\t<div class=\"elementor-column elementor-col-50 elementor-top-column elementor-element elementor-element-1adcdde\" data-id=\"1adcdde\" data-element_type=\"column\">\n\t\t\t<div class=\"elementor-column-wrap elementor-element-populated\">\n\t\t\t\t\t\t\t<div class=\"elementor-widget-wrap\">\n\t\t\t\t\t\t<div class=\"elementor-element elementor-element-aba41e2 elementor-widget elementor-widget-text-editor\" data-id=\"aba41e2\" data-element_type=\"widget\" data-widget_type=\"text-editor.default\">\n\t\t\t\t<div class=\"elementor-widget-container\">\n\t\t\t\t\t\t\t\t<div class=\"elementor-text-editor elementor-clearfix\">\n\t\t\t\t<div class=\"thim-list-in-room\">\n<h5>Condi\u00e7\u00f5es:<\/h5>\n<i class=\"thim-color fa fa-check-circle\">\u00a0<\/i>TV FlatScreen HDTV<br \/><i class=\"thim-color fa fa-check-circle\">\u00a0<\/i>Internet Wifi livre<br \/><i class=\"thim-color fa fa-check-circle\">\u00a0<\/i>Roup\u00e3o de banho\/spa<br \/><i class=\"thim-color fa fa-check-circle\">\u00a0<\/i>Acess\u00f3rios de banho<br \/><i class=\"thim-color fa fa-check-circle\">\u00a0<\/i>WC privado c\/ chuveiro<br \/><i class=\"thim-color fa fa-check-circle\">\u00a0<\/i>Secret\u00e1ria <br \/><br \/><\/div>\n<!-- \/wp:html -->\t\t\t\t\t<\/div>\n\t\t\t\t\t\t<\/div>\n\t\t\t\t<\/div>\n\t\t\t\t\t\t<\/div>\n\t\t\t\t\t<\/div>\n\t\t<\/div>\n\t\t\t\t\t\t\t\t<\/div>\n\t\t\t\t\t<\/div>\n\t\t<\/section>\n\t\t\t\t<section class=\"elementor-section elementor-top-section elementor-element elementor-element-c4fd095 elementor-section-stretched elementor-section-boxed elementor-section-height-default elementor-section-height-default\" data-id=\"c4fd095\" data-element_type=\"section\" data-settings=\"{&quot;stretch_section&quot;:&quot;section-stretched&quot;}\">\n\t\t\t\t\t\t<div class=\"elementor-container elementor-column-gap-default\">\n\t\t\t\t\t\t\t<div class=\"elementor-row\">\n\t\t\t\t\t<div class=\"elementor-column elementor-col-100 elementor-top-column elementor-element elementor-element-5249fac\" data-id=\"5249fac\" data-element_type=\"column\">\n\t\t\t<div class=\"elementor-column-wrap elementor-element-populated\">\n\t\t\t\t\t\t\t<div class=\"elementor-widget-wrap\">\n\t\t\t\t\t\t<div class=\"elementor-element elementor-element-bc938b9 elementor-widget elementor-widget-foogallery\" data-id=\"bc938b9\" data-element_type=\"widget\" data-widget_type=\"foogallery.default\">\n\t\t\t\t<div class=\"elementor-widget-container\">\n\t\t\t<div class=\"foogallery foogallery-container foogallery-masonry foogallery-lightbox-foobox fg-center fg-masonry fg-light fg-loading-pulse fg-loaded-fade-in fg-hover-scale fg-hover-fade fg-ready fg-col4\" id=\"foogallery-gallery-8866\" data-foogallery=\"{&quot;item&quot;:{&quot;showCaptionTitle&quot;:false,&quot;showCaptionDescription&quot;:false},&quot;lazy&quot;:true}\" >\r\n\t\t<div class=\"fg-column-width\"><\/div>\r\n\t<div class=\"fg-gutter-width\"><\/div>\r\n\t\t<div class=\"fg-item fg-type-image fg-idle\"><figure class=\"fg-item-inner\"><a href=\"https:\/\/www.quintapadressantos.com\/site\/wp-content\/uploads\/2020\/03\/QuintaPadresSantos_15.jpg\" data-caption-title=\"Quarto Cereja\" data-caption-desc=\"Quarto Cereja\" data-attachment-id=\"8772\" data-type=\"image\" class=\"fg-thumb\"><span class=\"fg-image-wrap\"><img fetchpriority=\"high\" decoding=\"async\" alt=\"Quarto Cereja\" title=\"Quarto Cereja\" width=\"300\" height=\"199\" class=\"skip-lazy fg-image\" data-src-fg=\"https:\/\/www.quintapadressantos.com\/site\/wp-content\/uploads\/2020\/03\/QuintaPadresSantos_15-300x199.jpg\" src=\"data:image\/svg+xml,%3Csvg%20xmlns%3D%22http%3A%2F%2Fwww.w3.org%2F2000%2Fsvg%22%20width%3D%22300%22%20height%3D%22199%22%20viewBox%3D%220%200%20300%20199%22%3E%3C%2Fsvg%3E\" loading=\"eager\"><\/span><span class=\"fg-image-overlay\"><\/span><\/a><figcaption class=\"fg-caption\"><div class=\"fg-caption-inner\"><\/div><\/figcaption><\/figure><div class=\"fg-loader\"><\/div><\/div><div class=\"fg-item fg-type-image fg-idle\"><figure class=\"fg-item-inner\"><a href=\"https:\/\/www.quintapadressantos.com\/site\/wp-content\/uploads\/2020\/03\/QuintaPadresSantos_14.jpg\" data-caption-title=\"Quarto Cereja\" data-caption-desc=\"Quarto Cereja\" data-attachment-id=\"8771\" data-type=\"image\" class=\"fg-thumb\"><span class=\"fg-image-wrap\"><img decoding=\"async\" alt=\"Quarto Cereja\" title=\"Quarto Cereja\" width=\"300\" height=\"199\" class=\"skip-lazy fg-image\" data-src-fg=\"https:\/\/www.quintapadressantos.com\/site\/wp-content\/uploads\/2020\/03\/QuintaPadresSantos_14-300x199.jpg\" src=\"data:image\/svg+xml,%3Csvg%20xmlns%3D%22http%3A%2F%2Fwww.w3.org%2F2000%2Fsvg%22%20width%3D%22300%22%20height%3D%22199%22%20viewBox%3D%220%200%20300%20199%22%3E%3C%2Fsvg%3E\" loading=\"eager\"><\/span><span class=\"fg-image-overlay\"><\/span><\/a><figcaption class=\"fg-caption\"><div class=\"fg-caption-inner\"><\/div><\/figcaption><\/figure><div class=\"fg-loader\"><\/div><\/div><div class=\"fg-item fg-type-image fg-idle\"><figure class=\"fg-item-inner\"><a href=\"https:\/\/www.quintapadressantos.com\/site\/wp-content\/uploads\/2020\/03\/QuintaPadresSantos_16.jpg\" data-caption-title=\"Quarto Cereja\" data-caption-desc=\"Quarto Cereja\" data-attachment-id=\"8773\" data-type=\"image\" class=\"fg-thumb\"><span class=\"fg-image-wrap\"><img decoding=\"async\" alt=\"Quarto Cereja\" title=\"Quarto Cereja\" width=\"300\" height=\"199\" class=\"skip-lazy fg-image\" data-src-fg=\"https:\/\/www.quintapadressantos.com\/site\/wp-content\/uploads\/2020\/03\/QuintaPadresSantos_16-300x199.jpg\" src=\"data:image\/svg+xml,%3Csvg%20xmlns%3D%22http%3A%2F%2Fwww.w3.org%2F2000%2Fsvg%22%20width%3D%22300%22%20height%3D%22199%22%20viewBox%3D%220%200%20300%20199%22%3E%3C%2Fsvg%3E\" loading=\"eager\"><\/span><span class=\"fg-image-overlay\"><\/span><\/a><figcaption class=\"fg-caption\"><div class=\"fg-caption-inner\"><\/div><\/figcaption><\/figure><div class=\"fg-loader\"><\/div><\/div><div class=\"fg-item fg-type-image fg-idle\"><figure class=\"fg-item-inner\"><a href=\"https:\/\/www.quintapadressantos.com\/site\/wp-content\/uploads\/2020\/03\/QuintaPadresSantos_7.jpg\" data-caption-title=\"Quarto Ma\u00e7a\" data-caption-desc=\"Quarto Ma\u00e7a\" data-attachment-id=\"8764\" data-type=\"image\" class=\"fg-thumb\"><span class=\"fg-image-wrap\"><img decoding=\"async\" alt=\"Quarto Ma\u00e7a\" title=\"Quarto Ma\u00e7a\" width=\"300\" height=\"199\" class=\"skip-lazy fg-image\" data-src-fg=\"https:\/\/www.quintapadressantos.com\/site\/wp-content\/uploads\/2020\/03\/QuintaPadresSantos_7-300x199.jpg\" src=\"data:image\/svg+xml,%3Csvg%20xmlns%3D%22http%3A%2F%2Fwww.w3.org%2F2000%2Fsvg%22%20width%3D%22300%22%20height%3D%22199%22%20viewBox%3D%220%200%20300%20199%22%3E%3C%2Fsvg%3E\" loading=\"eager\"><\/span><span class=\"fg-image-overlay\"><\/span><\/a><figcaption class=\"fg-caption\"><div class=\"fg-caption-inner\"><\/div><\/figcaption><\/figure><div class=\"fg-loader\"><\/div><\/div><div class=\"fg-item fg-type-image fg-idle\"><figure class=\"fg-item-inner\"><a href=\"https:\/\/www.quintapadressantos.com\/site\/wp-content\/uploads\/2020\/03\/QuintaPadresSantos_6.jpg\" data-caption-title=\"Quarto Ma\u00e7a\" data-caption-desc=\"Quarto Ma\u00e7a\" data-attachment-id=\"8763\" data-type=\"image\" class=\"fg-thumb\"><span class=\"fg-image-wrap\"><img decoding=\"async\" alt=\"Quarto Ma\u00e7a\" title=\"Quarto Ma\u00e7a\" width=\"300\" height=\"199\" class=\"skip-lazy fg-image\" data-src-fg=\"https:\/\/www.quintapadressantos.com\/site\/wp-content\/uploads\/2020\/03\/QuintaPadresSantos_6-300x199.jpg\" src=\"data:image\/svg+xml,%3Csvg%20xmlns%3D%22http%3A%2F%2Fwww.w3.org%2F2000%2Fsvg%22%20width%3D%22300%22%20height%3D%22199%22%20viewBox%3D%220%200%20300%20199%22%3E%3C%2Fsvg%3E\" loading=\"eager\"><\/span><span class=\"fg-image-overlay\"><\/span><\/a><figcaption class=\"fg-caption\"><div class=\"fg-caption-inner\"><\/div><\/figcaption><\/figure><div class=\"fg-loader\"><\/div><\/div><div class=\"fg-item fg-type-image fg-idle\"><figure class=\"fg-item-inner\"><a href=\"https:\/\/www.quintapadressantos.com\/site\/wp-content\/uploads\/2020\/03\/QuintaPadresSantos_9.jpg\" data-caption-title=\"Quarto Ma\u00e7a\" data-caption-desc=\"Quarto Ma\u00e7a\" data-attachment-id=\"8766\" data-type=\"image\" class=\"fg-thumb\"><span class=\"fg-image-wrap\"><img decoding=\"async\" alt=\"Quarto Ma\u00e7a\" title=\"Quarto Ma\u00e7a\" width=\"300\" height=\"199\" class=\"skip-lazy fg-image\" data-src-fg=\"https:\/\/www.quintapadressantos.com\/site\/wp-content\/uploads\/2020\/03\/QuintaPadresSantos_9-300x199.jpg\" src=\"data:image\/svg+xml,%3Csvg%20xmlns%3D%22http%3A%2F%2Fwww.w3.org%2F2000%2Fsvg%22%20width%3D%22300%22%20height%3D%22199%22%20viewBox%3D%220%200%20300%20199%22%3E%3C%2Fsvg%3E\" loading=\"eager\"><\/span><span class=\"fg-image-overlay\"><\/span><\/a><figcaption class=\"fg-caption\"><div class=\"fg-caption-inner\"><\/div><\/figcaption><\/figure><div class=\"fg-loader\"><\/div><\/div><\/div>\t\t<\/div>\n\t\t\t\t<\/div>\n\t\t\t\t\t\t<\/div>\n\t\t\t\t\t<\/div>\n\t\t<\/div>\n\t\t\t\t\t\t\t\t<\/div>\n\t\t\t\t\t<\/div>\n\t\t<\/section>\n\t\t\t\t\t\t\t\t\t<\/div>\n\t\t\t<\/div>\n\t\t\t\t\t<\/div>\n\t\t","protected":false},"excerpt":{"rendered":"<p>Quartos Duplos \u2013 Cereja, Ameixa e Ma\u00e7\u00e3<\/p>\n<p>Camas: 1 N\u00famero m\u00e1ximo de Adultos: 2 N\u00famero m\u00e1ximo de crian\u00e7as: 1 <\/p>\n","protected":false},"author":1,"featured_media":0,"parent":8397,"menu_order":0,"comment_status":"closed","ping_status":"closed","template":"page-templates\/homepage.php","meta":{"inline_featured_image":false,"footnotes":""},"_links":{"self":[{"href":"https:\/\/www.quintapadressantos.com\/site\/wp-json\/wp\/v2\/pages\/8179"}],"collection":[{"href":"https:\/\/www.quintapadressantos.com\/site\/wp-json\/wp\/v2\/pages"}],"about":[{"href":"https:\/\/www.quintapadressantos.com\/site\/wp-json\/wp\/v2\/types\/page"}],"author":[{"embeddable":true,"href":"https:\/\/www.quintapadressantos.com\/site\/wp-json\/wp\/v2\/users\/1"}],"replies":[{"embeddable":true,"href":"https:\/\/www.quintapadressantos.com\/site\/wp-json\/wp\/v2\/comments?post=8179"}],"version-history":[{"count":52,"href":"https:\/\/www.quintapadressantos.com\/site\/wp-json\/wp\/v2\/pages\/8179\/revisions"}],"predecessor-version":[{"id":8874,"href":"https:\/\/www.quintapadressantos.com\/site\/wp-json\/wp\/v2\/pages\/8179\/revisions\/8874"}],"up":[{"embeddable":true,"href":"https:\/\/www.quintapadressantos.com\/site\/wp-json\/wp\/v2\/pages\/8397"}],"wp:attachment":[{"href":"https:\/\/www.quintapadressantos.com\/site\/wp-json\/wp\/v2\/media?parent=8179"}],"curies":[{"name":"wp","href":"https:\/\/api.w.org\/{rel}","templated":true}]}}